{"id":1236,"date":"2022-03-22T09:45:28","date_gmt":"2022-03-22T12:45:28","guid":{"rendered":"https:\/\/des-lrj.infd.edu.ar\/sitio\/?page_id=1236"},"modified":"2025-04-25T11:18:52","modified_gmt":"2025-04-25T14:18:52","slug":"zona-1","status":"publish","type":"page","link":"https:\/\/des-lrj.infd.edu.ar\/sitio\/zonas-de-supervision\/zona-1\/","title":{"rendered":"Zona I &#8211; Villa Uni\u00f3n"},"content":{"rendered":"\n<figure class=\"wp-block-table is-style-stripes\"><table class=\"has-background\" style=\"background-color:#e7f5fe\"><thead><tr><th class=\"has-text-align-center\" data-align=\"center\">Sede de Supervisi\u00f3n Zona I &#8211; Villa Uni\u00f3n<\/th><\/tr><\/thead><tbody><tr><td class=\"has-text-align-center\" data-align=\"center\">Supervisor: Lic. Manuel Vera<\/td><\/tr><tr><td class=\"has-text-align-center\" data-align=\"center\">Domicilio: Adolfo E. D\u00e1vila N\u00ba 195 &#8211; Villa Uni\u00f3n<\/td><\/tr><tr><td class=\"has-text-align-center\" data-align=\"center\">Tel\u00e9fono: 3825-422315<\/td><\/tr><tr><td class=\"has-text-align-center\" data-align=\"center\">Email: sedesupervisionzonai@gmail.com<\/td><\/tr><\/tbody><\/table><\/figure>\n\n\n\n<figure class=\"wp-block-table is-style-regular\"><table class=\"has-background has-fixed-layout\" style=\"background-color:#e7f5fe\"><tbody><tr><td class=\"has-text-align-center\" data-align=\"center\"><strong>N\u00b0 Orden<\/strong><\/td><td class=\"has-text-align-center\" data-align=\"center\"><strong>CUE<\/strong><\/td><td class=\"has-text-align-center\" data-align=\"center\"><strong>Instituto<\/strong><\/td><td class=\"has-text-align-center\" data-align=\"center\"><strong>Director<\/strong>\/<strong>a<\/strong><\/td><td class=\"has-text-align-center\" data-align=\"center\"><strong>Contacto<\/strong><\/td><td class=\"has-text-align-center\" data-align=\"center\"><strong>Tel\u00e9fono<\/strong><\/td><td class=\"has-text-align-center\" data-align=\"center\"><strong>Sitio Web<\/strong><\/td><\/tr><tr><td class=\"has-text-align-center\" data-align=\"center\">1<\/td><td class=\"has-text-align-center\" data-align=\"center\">460020100<\/td><td class=\"has-text-align-center\" data-align=\"center\">ISFD y TP \u00abDr. Eusebio N. Paez\u00bb Villa Uni\u00f3n<\/td><td class=\"has-text-align-center\" data-align=\"center\">Prof. Daniel Soria<\/td><td class=\"has-text-align-center\" data-align=\"center\">dasunion@hotmail.com<\/td><td class=\"has-text-align-center\" data-align=\"center\">3825- 671014<\/td><td class=\"has-text-align-center\" data-align=\"center\"><a href=\"https:\/\/ifdcpaez-lrj.infd.edu.ar\/sitio\/\" target=\"_blank\" rel=\"noreferrer noopener\">https:\/\/ifdcpaez-lrj.infd.edu.ar\/sitio\/<\/a><\/td><\/tr><tr><td class=\"has-text-align-center\" data-align=\"center\">2<\/td><td class=\"has-text-align-center\" data-align=\"center\">460032500<\/td><td class=\"has-text-align-center\" data-align=\"center\">ISFD \u00abProf. Victor Mauricio Quinteros\u00bb &#8211; Villa Castelli<\/td><td class=\"has-text-align-center\" data-align=\"center\">Prof. Cecilia Florencia Gallego<\/td><td class=\"has-text-align-center\" data-align=\"center\">isfdgeografia@gmail.com<\/td><td class=\"has-text-align-center\" data-align=\"center\">03825-677113<\/td><td class=\"has-text-align-center\" data-align=\"center\"><a href=\"https:\/\/isfdvcastelli-lrj.infd.edu.ar\/sitio\/\" target=\"_blank\" rel=\"noreferrer noopener\">https:\/\/isfdvcastelli-lrj.infd.edu.ar\/sitio\/<\/a><\/td><\/tr><tr><td class=\"has-text-align-center\" data-align=\"center\">3<\/td><td class=\"has-text-align-center\" data-align=\"center\">460032100<\/td><td class=\"has-text-align-center\" data-align=\"center\">ISFD y TP de Vinchina<\/td><td class=\"has-text-align-center\" data-align=\"center\">Prof. Oscar Bord\u00f3n<\/td><td class=\"has-text-align-center\" data-align=\"center\">isfdvinchina@yahoo.com.ar<\/td><td class=\"has-text-align-center\" data-align=\"center\">3549521121<\/td><td class=\"has-text-align-center\" data-align=\"center\"><a href=\"https:\/\/ifdvinchina-lrj.infd.edu.ar\/\" data-type=\"URL\" data-id=\"https:\/\/ifdvinchina-lrj.infd.edu.ar\/\" target=\"_blank\" rel=\"noreferrer noopener\">https:\/\/ifdvinchina-lrj.infd.edu.ar\/<\/a><\/td><\/tr><tr><td class=\"has-text-align-center\" data-align=\"center\">4<\/td><td class=\"has-text-align-center\" data-align=\"center\">460084600<\/td><td class=\"has-text-align-center\" data-align=\"center\">ISFD y TP \u00abGeneral Felipe Varela\u00bb &#8211; Guandacol<\/td><td class=\"has-text-align-center\" data-align=\"center\">Prof. Adriana M. Gonzalez<\/td><td class=\"has-text-align-center\" data-align=\"center\">instguandacol@gmail.com<\/td><td class=\"has-text-align-center\" data-align=\"center\">380-4354999<\/td><td class=\"has-text-align-center\" data-align=\"center\"><a href=\"https:\/\/isfdytguandacol-lrj.infd.edu.ar\/\" target=\"_blank\" rel=\"noreferrer noopener\">https:\/\/isfdytguandacol-lrj.infd.edu.ar\/<\/a><\/td><\/tr><\/tbody><\/table><\/figure>\n\n\n\n<p class=\"has-small-font-size\"><\/p>\n","protected":false},"excerpt":{"rendered":"<p>Sede de Supervisi\u00f3n Zona I &#8211; Villa Uni\u00f3n Supervisor: Lic. Manuel Vera Domicilio: Adolfo E. D\u00e1vila N\u00ba 195 &#8211; Villa Uni\u00f3n Tel\u00e9fono: 3825-422315 Email: sedesupervisionzonai@gmail.com N\u00b0 Orden CUE Instituto Director\/a Contacto Tel\u00e9fono Sitio Web 1 460020100 ISFD y TP \u00abDr. Eusebio N. Paez\u00bb Villa Uni\u00f3n Prof. Daniel Soria dasunion@hotmail.com 3825- 671014 https:\/\/ifdcpaez-lrj.infd.edu.ar\/sitio\/ 2 460032500 ISFD &#8230; <a title=\"Zona I &#8211; Villa Uni\u00f3n\" class=\"read-more\" href=\"https:\/\/des-lrj.infd.edu.ar\/sitio\/zonas-de-supervision\/zona-1\/\" aria-label=\"More on Zona I &#8211; Villa Uni\u00f3n\">[+]<\/a><\/p>\n","protected":false},"author":8657,"featured_media":0,"parent":1134,"menu_order":1,"comment_status":"closed","ping_status":"closed","template":"","meta":[],"acf":[],"_links":{"self":[{"href":"https:\/\/des-lrj.infd.edu.ar\/sitio\/wp-json\/wp\/v2\/pages\/1236"}],"collection":[{"href":"https:\/\/des-lrj.infd.edu.ar\/sitio\/wp-json\/wp\/v2\/pages"}],"about":[{"href":"https:\/\/des-lrj.infd.edu.ar\/sitio\/wp-json\/wp\/v2\/types\/page"}],"author":[{"embeddable":true,"href":"https:\/\/des-lrj.infd.edu.ar\/sitio\/wp-json\/wp\/v2\/users\/8657"}],"replies":[{"embeddable":true,"href":"https:\/\/des-lrj.infd.edu.ar\/sitio\/wp-json\/wp\/v2\/comments?post=1236"}],"version-history":[{"count":26,"href":"https:\/\/des-lrj.infd.edu.ar\/sitio\/wp-json\/wp\/v2\/pages\/1236\/revisions"}],"predecessor-version":[{"id":2515,"href":"https:\/\/des-lrj.infd.edu.ar\/sitio\/wp-json\/wp\/v2\/pages\/1236\/revisions\/2515"}],"up":[{"embeddable":true,"href":"https:\/\/des-lrj.infd.edu.ar\/sitio\/wp-json\/wp\/v2\/pages\/1134"}],"wp:attachment":[{"href":"https:\/\/des-lrj.infd.edu.ar\/sitio\/wp-json\/wp\/v2\/media?parent=1236"}],"curies":[{"name":"wp","href":"https:\/\/api.w.org\/{rel}","templated":true}]}}