{"id":1250,"date":"2022-03-22T10:01:43","date_gmt":"2022-03-22T13:01:43","guid":{"rendered":"https:\/\/des-lrj.infd.edu.ar\/sitio\/?page_id=1250"},"modified":"2025-04-25T11:49:25","modified_gmt":"2025-04-25T14:49:25","slug":"zona-6","status":"publish","type":"page","link":"https:\/\/des-lrj.infd.edu.ar\/sitio\/zonas-de-supervision\/zona-6\/","title":{"rendered":"Zona VI &#8211; Chepes"},"content":{"rendered":"\n<figure class=\"wp-block-table is-style-stripes\"><table class=\"has-background\" style=\"background-color:#e7f5fe\"><thead><tr><th class=\"has-text-align-center\" data-align=\"center\">Sede de Supervisi\u00f3n Zona VI &#8211; Chepes<\/th><\/tr><\/thead><tbody><tr><td class=\"has-text-align-center\" data-align=\"center\">Supervisora: Prof. M\u00f3nica Estrada<\/td><\/tr><tr><td class=\"has-text-align-center\" data-align=\"center\">Domicilio: Avda. San Mart\u00edn y Tucum\u00e1n.<\/td><\/tr><tr><td class=\"has-text-align-center\" data-align=\"center\">Tel\u00e9fono: 03821- 429108<\/td><\/tr><tr><td class=\"has-text-align-center\" data-align=\"center\">Email: sedesupervision6superior@gmail.com<br>    mncestrada3@gmail.com<\/td><\/tr><\/tbody><\/table><\/figure>\n\n\n\n<figure class=\"wp-block-table is-style-regular\"><table class=\"has-background has-fixed-layout\" style=\"background-color:#e7f5fe\"><tbody><tr><td class=\"has-text-align-center\" data-align=\"center\"><strong>N\u00b0 Orden<\/strong><\/td><td class=\"has-text-align-center\" data-align=\"center\"><strong>CUE<\/strong><\/td><td class=\"has-text-align-center\" data-align=\"center\"><strong><strong>Instituto<\/strong><\/strong><\/td><td class=\"has-text-align-center\" data-align=\"center\"><strong>Director\/a<\/strong><\/td><td class=\"has-text-align-center\" data-align=\"center\"><strong>Contacto<\/strong><\/td><td class=\"has-text-align-center\" data-align=\"center\"><strong>Tel\u00e9fono<\/strong><\/td><td class=\"has-text-align-center\" data-align=\"center\"><strong>Sitio Web<\/strong><\/td><\/tr><tr><td class=\"has-text-align-center\" data-align=\"center\">1<\/td><td class=\"has-text-align-center\" data-align=\"center\">460073300<\/td><td class=\"has-text-align-center\" data-align=\"center\">ISFD \u00abJuan Facundo Quiroga\u00bb &#8211; Chepes<\/td><td class=\"has-text-align-center\" data-align=\"center\">Lic. Mabel Cort\u00e9z<\/td><td class=\"has-text-align-center\" data-align=\"center\">isfdjfqchepes@gmail.com<\/td><td class=\"has-text-align-center\" data-align=\"center\">2644434630<\/td><td class=\"has-text-align-center\" data-align=\"center\"><a href=\"https:\/\/ifdcquiroga-lrj.infd.edu.ar\/\" target=\"_blank\" rel=\"noreferrer noopener\">https:\/\/ifdcquiroga-lrj.infd.edu.ar\/<\/a><\/td><\/tr><tr><td class=\"has-text-align-center\" data-align=\"center\">2<\/td><td class=\"has-text-align-center\" data-align=\"center\">460047200<\/td><td class=\"has-text-align-center\" data-align=\"center\">ISFD \u00abRosario Vera Pe\u00f1aloza\u00bb &#8211; Chepes<\/td><td class=\"has-text-align-center\" data-align=\"center\">Prof. Rita Corzo<\/td><td class=\"has-text-align-center\" data-align=\"center\">isfdrosarioverapchepes@gmail.com<\/td><td class=\"has-text-align-center\" data-align=\"center\">380-4632593<\/td><td class=\"has-text-align-center\" data-align=\"center\"><a href=\"https:\/\/ifdcei-lrj.infd.edu.ar\/\" target=\"_blank\" rel=\"noreferrer noopener\">https:\/\/ifdcei-lrj.infd.edu.ar\/<\/a><\/td><\/tr><tr><td class=\"has-text-align-center\" data-align=\"center\">3<\/td><td class=\"has-text-align-center\" data-align=\"center\">460041600<\/td><td class=\"has-text-align-center\" data-align=\"center\">ISFD Lengua e Historia &#8211; Chepes<\/td><td class=\"has-text-align-center\" data-align=\"center\">Prof. Alicia Alcaraz<\/td><td class=\"has-text-align-center\" data-align=\"center\">lenguaehistoria@gmail.com<\/td><td class=\"has-text-align-center\" data-align=\"center\">3821-666056<\/td><td class=\"has-text-align-center\" data-align=\"center\"><a href=\"https:\/\/isfdchepes-lrj.infd.edu.ar\/\" target=\"_blank\" rel=\"noreferrer noopener\">https:\/\/isfdchepes-lrj.infd.edu.ar\/<\/a><\/td><\/tr><tr><td class=\"has-text-align-center\" data-align=\"center\">4<\/td><td class=\"has-text-align-center\" data-align=\"center\">460046500<\/td><td class=\"has-text-align-center\" data-align=\"center\">ISFD \u00abAriel Ferraro\u00bb &#8211; Ulapes<\/td><td class=\"has-text-align-center\" data-align=\"center\">Prof. Antonio Gustavo Gallardo<\/td><td class=\"has-text-align-center\" data-align=\"center\">ifdc_a_ferraro@yahoo.com.ar<\/td><td class=\"has-text-align-center\" data-align=\"center\">3821-665800<\/td><td class=\"has-text-align-center\" data-align=\"center\"><a href=\"https:\/\/ifdcferraro-lrj.infd.edu.ar\/\" target=\"_blank\" rel=\"noreferrer noopener\">https:\/\/ifdcferraro-lrj.infd.edu.ar\/<\/a><\/td><\/tr><tr><td class=\"has-text-align-center\" data-align=\"center\">5<\/td><td class=\"has-text-align-center\" data-align=\"center\">460050200<\/td><td class=\"has-text-align-center\" data-align=\"center\">ISFD y TP \u00abPresbitero Luis Enrique Pradella\u00bb Malanzan<\/td><td class=\"has-text-align-center\" data-align=\"center\">Ing. Cesar Vera Ocampo<\/td><td class=\"has-text-align-center\" data-align=\"center\">isftmalanzan@hotmail.com<\/td><td class=\"has-text-align-center\" data-align=\"center\">3826-674582<\/td><td class=\"has-text-align-center\" data-align=\"center\"><a href=\"https:\/\/isfdytmalanzan-lrj.infd.edu.ar\/\" target=\"_blank\" rel=\"noreferrer noopener\">https:\/\/isfdytmalanzan-lrj.infd.edu.ar\/<\/a><\/td><\/tr><tr><td class=\"has-text-align-center\" data-align=\"center\">6<\/td><td class=\"has-text-align-center\" data-align=\"center\">460041500<\/td><td class=\"has-text-align-center\" data-align=\"center\">ISFTP \u00abBrigadier Juan Facundo Quiroga\u00bb<\/td><td class=\"has-text-align-center\" data-align=\"center\">Prof. Walter Aguzzi<br><\/td><td class=\"has-text-align-center\" data-align=\"center\">isftpjuanfacundoquiroga@gmail.com.<\/td><td class=\"has-text-align-center\" data-align=\"center\">3821-402926<\/td><td class=\"has-text-align-center\" data-align=\"center\"><\/td><\/tr><\/tbody><\/table><\/figure>\n","protected":false},"excerpt":{"rendered":"<p>Sede de Supervisi\u00f3n Zona VI &#8211; Chepes Supervisora: Prof. M\u00f3nica Estrada Domicilio: Avda. San Mart\u00edn y Tucum\u00e1n. Tel\u00e9fono: 03821- 429108 Email: sedesupervision6superior@gmail.com mncestrada3@gmail.com N\u00b0 Orden CUE Instituto Director\/a Contacto Tel\u00e9fono Sitio Web 1 460073300 ISFD \u00abJuan Facundo Quiroga\u00bb &#8211; Chepes Lic. Mabel Cort\u00e9z isfdjfqchepes@gmail.com 2644434630 https:\/\/ifdcquiroga-lrj.infd.edu.ar\/ 2 460047200 ISFD \u00abRosario Vera Pe\u00f1aloza\u00bb &#8211; Chepes Prof. &#8230; <a title=\"Zona VI &#8211; Chepes\" class=\"read-more\" href=\"https:\/\/des-lrj.infd.edu.ar\/sitio\/zonas-de-supervision\/zona-6\/\" aria-label=\"More on Zona VI &#8211; Chepes\">[+]<\/a><\/p>\n","protected":false},"author":8657,"featured_media":0,"parent":1134,"menu_order":6,"comment_status":"closed","ping_status":"closed","template":"","meta":[],"acf":[],"_links":{"self":[{"href":"https:\/\/des-lrj.infd.edu.ar\/sitio\/wp-json\/wp\/v2\/pages\/1250"}],"collection":[{"href":"https:\/\/des-lrj.infd.edu.ar\/sitio\/wp-json\/wp\/v2\/pages"}],"about":[{"href":"https:\/\/des-lrj.infd.edu.ar\/sitio\/wp-json\/wp\/v2\/types\/page"}],"author":[{"embeddable":true,"href":"https:\/\/des-lrj.infd.edu.ar\/sitio\/wp-json\/wp\/v2\/users\/8657"}],"replies":[{"embeddable":true,"href":"https:\/\/des-lrj.infd.edu.ar\/sitio\/wp-json\/wp\/v2\/comments?post=1250"}],"version-history":[{"count":24,"href":"https:\/\/des-lrj.infd.edu.ar\/sitio\/wp-json\/wp\/v2\/pages\/1250\/revisions"}],"predecessor-version":[{"id":2519,"href":"https:\/\/des-lrj.infd.edu.ar\/sitio\/wp-json\/wp\/v2\/pages\/1250\/revisions\/2519"}],"up":[{"embeddable":true,"href":"https:\/\/des-lrj.infd.edu.ar\/sitio\/wp-json\/wp\/v2\/pages\/1134"}],"wp:attachment":[{"href":"https:\/\/des-lrj.infd.edu.ar\/sitio\/wp-json\/wp\/v2\/media?parent=1250"}],"curies":[{"name":"wp","href":"https:\/\/api.w.org\/{rel}","templated":true}]}}