{"id":1514,"date":"2022-04-12T12:31:29","date_gmt":"2022-04-12T15:31:29","guid":{"rendered":"https:\/\/des-lrj.infd.edu.ar\/sitio\/?page_id=1514"},"modified":"2026-02-23T11:08:48","modified_gmt":"2026-02-23T14:08:48","slug":"disenos-profesorados","status":"publish","type":"page","link":"https:\/\/des-lrj.infd.edu.ar\/sitio\/disenocurriculares\/disenos-profesorados\/","title":{"rendered":"Dise\u00f1os Curriculares Profesorados"},"content":{"rendered":"<div class=\"wp-block-image is-style-rounded\">\n<figure class=\"aligncenter size-full is-resized\"><img decoding=\"async\" loading=\"lazy\" src=\"https:\/\/des-lrj.infd.edu.ar\/sitio\/wp-content\/uploads\/2024\/12\/Screenshot_3_cleanup.png\" alt=\"\" class=\"wp-image-2124\" width=\"1021\" height=\"95\"\/><\/figure><\/div>\n\n\n<p class=\"has-text-align-center has-contrast-2-color has-blush-light-purple-gradient-background has-text-color has-background has-medium-font-size\"><strong>DISE\u00d1OS CURRICULARES PROFESORADOS<\/strong><\/p>\n\n\n\n<figure class=\"wp-block-table is-style-stripes\"><table class=\"has-pale-ocean-gradient-background has-background\"><tbody><tr><td class=\"has-text-align-center\" data-align=\"center\"><strong>Carrera<\/strong><\/td><td class=\"has-text-align-center\" data-align=\"center\"><strong>Descarga<\/strong><\/td><\/tr><tr><td class=\"has-text-align-center\" data-align=\"center\">Profesorado de Educaci\u00f3n Secundaria en Geograf\u00eda<\/td><td class=\"has-text-align-center\" data-align=\"center\"><a href=\"https:\/\/drive.google.com\/file\/d\/1uUwGc8OXet7sGp0St5yE3J9MkSAe2kmU\/view?usp=drive_link\" target=\"_blank\" rel=\"noreferrer noopener\"><img decoding=\"async\" loading=\"lazy\" width=\"512\" height=\"512\" class=\"wp-image-2021\" style=\"width: 30px;\" src=\"https:\/\/des-lrj.infd.edu.ar\/sitio\/wp-content\/uploads\/2024\/11\/descargar.png\" alt=\"\" srcset=\"https:\/\/des-lrj.infd.edu.ar\/sitio\/wp-content\/uploads\/2024\/11\/descargar.png 512w, https:\/\/des-lrj.infd.edu.ar\/sitio\/wp-content\/uploads\/2024\/11\/descargar-500x500.png 500w\" sizes=\"(max-width: 512px) 100vw, 512px\" \/><\/a><\/td><\/tr><tr><td class=\"has-text-align-center\" data-align=\"center\">Profesorado de Educaci\u00f3n Fisica<\/td><td class=\"has-text-align-center\" data-align=\"center\"><a href=\"https:\/\/drive.google.com\/file\/d\/10CZIy20OVwaqVMv1QLQsn-kbsA-og0VM\/view?usp=drive_link\" data-type=\"URL\" data-id=\"https:\/\/drive.google.com\/file\/d\/10CZIy20OVwaqVMv1QLQsn-kbsA-og0VM\/view?usp=drive_link\" target=\"_blank\" rel=\"noreferrer noopener\"><img decoding=\"async\" loading=\"lazy\" width=\"512\" height=\"512\" class=\"wp-image-2021\" style=\"width: 30px;\" src=\"https:\/\/des-lrj.infd.edu.ar\/sitio\/wp-content\/uploads\/2024\/11\/descargar.png\" alt=\"\" srcset=\"https:\/\/des-lrj.infd.edu.ar\/sitio\/wp-content\/uploads\/2024\/11\/descargar.png 512w, https:\/\/des-lrj.infd.edu.ar\/sitio\/wp-content\/uploads\/2024\/11\/descargar-500x500.png 500w\" sizes=\"(max-width: 512px) 100vw, 512px\" \/><\/a><\/td><\/tr><tr><td class=\"has-text-align-center\" data-align=\"center\">Profesorado de Educaci\u00f3n Tecnol\u00f3gica<\/td><td class=\"has-text-align-center\" data-align=\"center\"><a href=\"https:\/\/drive.google.com\/file\/d\/1D_uxanB2F1XAUijT7MhWJAdhVJDPUgzb\/view?usp=drive_link\" target=\"_blank\" rel=\"noreferrer noopener\"><img decoding=\"async\" loading=\"lazy\" width=\"512\" height=\"512\" class=\"wp-image-2021\" style=\"width: 30px;\" src=\"https:\/\/des-lrj.infd.edu.ar\/sitio\/wp-content\/uploads\/2024\/11\/descargar.png\" alt=\"\" srcset=\"https:\/\/des-lrj.infd.edu.ar\/sitio\/wp-content\/uploads\/2024\/11\/descargar.png 512w, https:\/\/des-lrj.infd.edu.ar\/sitio\/wp-content\/uploads\/2024\/11\/descargar-500x500.png 500w\" sizes=\"(max-width: 512px) 100vw, 512px\" \/><\/a><\/td><\/tr><tr><td class=\"has-text-align-center\" data-align=\"center\"> Profesorado de Educaci\u00f3n Secundaria en F\u00edsica<\/td><td class=\"has-text-align-center\" data-align=\"center\"><a href=\"https:\/\/drive.google.com\/file\/d\/1qB0t0j2W4dOkv2en_eRAxWPV9fox2wgE\/view?usp=drive_link\" target=\"_blank\" rel=\"noreferrer noopener\"><img decoding=\"async\" loading=\"lazy\" width=\"512\" height=\"512\" class=\"wp-image-2021\" style=\"width: 30px;\" src=\"https:\/\/des-lrj.infd.edu.ar\/sitio\/wp-content\/uploads\/2024\/11\/descargar.png\" alt=\"\" srcset=\"https:\/\/des-lrj.infd.edu.ar\/sitio\/wp-content\/uploads\/2024\/11\/descargar.png 512w, https:\/\/des-lrj.infd.edu.ar\/sitio\/wp-content\/uploads\/2024\/11\/descargar-500x500.png 500w\" sizes=\"(max-width: 512px) 100vw, 512px\" \/><\/a><\/td><\/tr><tr><td class=\"has-text-align-center\" data-align=\"center\">Profesorado de Educaci\u00f3n Secundaria en Historia<\/td><td class=\"has-text-align-center\" data-align=\"center\"><a href=\"https:\/\/drive.google.com\/file\/d\/1UGq67DQnVgQQn1VKHmkw7jQFsoQx0aCl\/view?usp=drive_link\" target=\"_blank\" rel=\"noreferrer noopener\"><img decoding=\"async\" loading=\"lazy\" width=\"512\" height=\"512\" class=\"wp-image-2021\" style=\"width: 30px;\" src=\"https:\/\/des-lrj.infd.edu.ar\/sitio\/wp-content\/uploads\/2024\/11\/descargar.png\" alt=\"\" srcset=\"https:\/\/des-lrj.infd.edu.ar\/sitio\/wp-content\/uploads\/2024\/11\/descargar.png 512w, https:\/\/des-lrj.infd.edu.ar\/sitio\/wp-content\/uploads\/2024\/11\/descargar-500x500.png 500w\" sizes=\"(max-width: 512px) 100vw, 512px\" \/><\/a><\/td><\/tr><tr><td class=\"has-text-align-center\" data-align=\"center\">Profesorado de Ingl\u00e9s<\/td><td class=\"has-text-align-center\" data-align=\"center\"><a href=\"https:\/\/drive.google.com\/file\/d\/1EQfSwBIylvOWHLwUTR7LbmRSgNduTquW\/view?usp=drive_link\" target=\"_blank\" rel=\"noreferrer noopener\"><img decoding=\"async\" loading=\"lazy\" width=\"512\" height=\"512\" class=\"wp-image-2021\" style=\"width: 30px;\" src=\"https:\/\/des-lrj.infd.edu.ar\/sitio\/wp-content\/uploads\/2024\/11\/descargar.png\" alt=\"\" srcset=\"https:\/\/des-lrj.infd.edu.ar\/sitio\/wp-content\/uploads\/2024\/11\/descargar.png 512w, https:\/\/des-lrj.infd.edu.ar\/sitio\/wp-content\/uploads\/2024\/11\/descargar-500x500.png 500w\" sizes=\"(max-width: 512px) 100vw, 512px\" \/><\/a><\/td><\/tr><tr><td class=\"has-text-align-center\" data-align=\"center\">Profesorado de Educaci\u00f3n Inicial<\/td><td class=\"has-text-align-center\" data-align=\"center\"><a href=\"https:\/\/drive.google.com\/file\/d\/1Pf20BkXx6guIitk15LE8AZbfu2PJZH_Y\/view?usp=drive_link\" data-type=\"URL\" data-id=\"https:\/\/drive.google.com\/file\/d\/1Pf20BkXx6guIitk15LE8AZbfu2PJZH_Y\/view?usp=drive_link\" target=\"_blank\" rel=\"noreferrer noopener\"><img decoding=\"async\" loading=\"lazy\" width=\"512\" height=\"512\" class=\"wp-image-2021\" style=\"width: 30px;\" src=\"https:\/\/des-lrj.infd.edu.ar\/sitio\/wp-content\/uploads\/2024\/11\/descargar.png\" alt=\"\" srcset=\"https:\/\/des-lrj.infd.edu.ar\/sitio\/wp-content\/uploads\/2024\/11\/descargar.png 512w, https:\/\/des-lrj.infd.edu.ar\/sitio\/wp-content\/uploads\/2024\/11\/descargar-500x500.png 500w\" sizes=\"(max-width: 512px) 100vw, 512px\" \/><\/a><\/td><\/tr><tr><td class=\"has-text-align-center\" data-align=\"center\">Profesorado de Educaci\u00f3n Especial con orientaci\u00f3n en Sordos e Hipoacusicos<\/td><td class=\"has-text-align-center\" data-align=\"center\"><a href=\"https:\/\/drive.google.com\/file\/d\/1M9DwKspv_VKMhZCt2H621rAjP-SUPZOV\/view?usp=drive_link\" target=\"_blank\" rel=\"noreferrer noopener\"><img decoding=\"async\" loading=\"lazy\" width=\"512\" height=\"512\" class=\"wp-image-2021\" style=\"width: 30px;\" src=\"https:\/\/des-lrj.infd.edu.ar\/sitio\/wp-content\/uploads\/2024\/11\/descargar.png\" alt=\"\" srcset=\"https:\/\/des-lrj.infd.edu.ar\/sitio\/wp-content\/uploads\/2024\/11\/descargar.png 512w, https:\/\/des-lrj.infd.edu.ar\/sitio\/wp-content\/uploads\/2024\/11\/descargar-500x500.png 500w\" sizes=\"(max-width: 512px) 100vw, 512px\" \/><\/a><\/td><\/tr><tr><td class=\"has-text-align-center\" data-align=\"center\"> Profesorado de Educaci\u00f3n Especial con orientaci\u00f3n en Neuromotora<\/td><td class=\"has-text-align-center\" data-align=\"center\"><a href=\"https:\/\/drive.google.com\/file\/d\/1FueDUJo18y5GBi_WP1iZvwMsA46EdRDS\/view?usp=drive_link\" target=\"_blank\" rel=\"noreferrer noopener\"><img decoding=\"async\" loading=\"lazy\" width=\"512\" height=\"512\" class=\"wp-image-2021\" style=\"width: 30px;\" src=\"https:\/\/des-lrj.infd.edu.ar\/sitio\/wp-content\/uploads\/2024\/11\/descargar.png\" alt=\"\" srcset=\"https:\/\/des-lrj.infd.edu.ar\/sitio\/wp-content\/uploads\/2024\/11\/descargar.png 512w, https:\/\/des-lrj.infd.edu.ar\/sitio\/wp-content\/uploads\/2024\/11\/descargar-500x500.png 500w\" sizes=\"(max-width: 512px) 100vw, 512px\" \/><\/a><\/td><\/tr><tr><td class=\"has-text-align-center\" data-align=\"center\">Profesorado de Educaci\u00f3n Especial con orientaci\u00f3n en Ciegos y Disminuidos Visuales<\/td><td class=\"has-text-align-center\" data-align=\"center\"><a href=\"https:\/\/drive.google.com\/file\/d\/17FWorGB3TOwhAcNk8Gnzh8s4lkdGGdth\/view?usp=drive_link\" target=\"_blank\" rel=\"noreferrer noopener\"><img decoding=\"async\" loading=\"lazy\" width=\"512\" height=\"512\" class=\"wp-image-2021\" style=\"width: 30px;\" src=\"https:\/\/des-lrj.infd.edu.ar\/sitio\/wp-content\/uploads\/2024\/11\/descargar.png\" alt=\"\" srcset=\"https:\/\/des-lrj.infd.edu.ar\/sitio\/wp-content\/uploads\/2024\/11\/descargar.png 512w, https:\/\/des-lrj.infd.edu.ar\/sitio\/wp-content\/uploads\/2024\/11\/descargar-500x500.png 500w\" sizes=\"(max-width: 512px) 100vw, 512px\" \/><\/a><\/td><\/tr><tr><td class=\"has-text-align-center\" data-align=\"center\">Profesorado de Educaci\u00f3n Especial con orientaci\u00f3n en Discapacidad Intelectual<\/td><td class=\"has-text-align-center\" data-align=\"center\"><a href=\"https:\/\/drive.google.com\/file\/d\/1z4DJs6AUF0RSKlWvwg_DvQu1uVr7ROrT\/view?usp=drive_link\" target=\"_blank\" rel=\"noreferrer noopener\"><img decoding=\"async\" loading=\"lazy\" width=\"512\" height=\"512\" class=\"wp-image-2021\" style=\"width: 30px;\" src=\"https:\/\/des-lrj.infd.edu.ar\/sitio\/wp-content\/uploads\/2024\/11\/descargar.png\" alt=\"\" srcset=\"https:\/\/des-lrj.infd.edu.ar\/sitio\/wp-content\/uploads\/2024\/11\/descargar.png 512w, https:\/\/des-lrj.infd.edu.ar\/sitio\/wp-content\/uploads\/2024\/11\/descargar-500x500.png 500w\" sizes=\"(max-width: 512px) 100vw, 512px\" \/><\/a><\/td><\/tr><tr><td class=\"has-text-align-center\" data-align=\"center\">Profesorado de M\u00fasica<\/td><td class=\"has-text-align-center\" data-align=\"center\"><a href=\"https:\/\/drive.google.com\/file\/d\/1DKOCxotw-44C6AdHakbV-P6IVibz-DdS\/view?usp=drive_link\" target=\"_blank\" rel=\"noreferrer noopener\"><img decoding=\"async\" loading=\"lazy\" width=\"512\" height=\"512\" class=\"wp-image-2021\" style=\"width: 30px;\" src=\"https:\/\/des-lrj.infd.edu.ar\/sitio\/wp-content\/uploads\/2024\/11\/descargar.png\" alt=\"\" srcset=\"https:\/\/des-lrj.infd.edu.ar\/sitio\/wp-content\/uploads\/2024\/11\/descargar.png 512w, https:\/\/des-lrj.infd.edu.ar\/sitio\/wp-content\/uploads\/2024\/11\/descargar-500x500.png 500w\" sizes=\"(max-width: 512px) 100vw, 512px\" \/><\/a><\/td><\/tr><tr><td class=\"has-text-align-center\" data-align=\"center\">Profesorado de Educaci\u00f3n Secundaria en Matem\u00e1tica<\/td><td class=\"has-text-align-center\" data-align=\"center\"><a href=\"https:\/\/drive.google.com\/file\/d\/1AMAjwU7VKHY8yaV9c2F8OswGzclpHXdL\/view?usp=drive_link\" data-type=\"URL\" data-id=\"https:\/\/drive.google.com\/file\/d\/1AMAjwU7VKHY8yaV9c2F8OswGzclpHXdL\/view?usp=drive_link\" target=\"_blank\" rel=\"noreferrer noopener\"><img decoding=\"async\" loading=\"lazy\" width=\"512\" height=\"512\" class=\"wp-image-2021\" style=\"width: 30px;\" src=\"https:\/\/des-lrj.infd.edu.ar\/sitio\/wp-content\/uploads\/2024\/11\/descargar.png\" alt=\"\" srcset=\"https:\/\/des-lrj.infd.edu.ar\/sitio\/wp-content\/uploads\/2024\/11\/descargar.png 512w, https:\/\/des-lrj.infd.edu.ar\/sitio\/wp-content\/uploads\/2024\/11\/descargar-500x500.png 500w\" sizes=\"(max-width: 512px) 100vw, 512px\" \/><\/a><\/td><\/tr><tr><td class=\"has-text-align-center\" data-align=\"center\">Profesorado de Educaci\u00f3n Secundaria en Qu\u00edmica<\/td><td class=\"has-text-align-center\" data-align=\"center\"><a href=\"https:\/\/drive.google.com\/file\/d\/1uZcFAoEAe7IgBzJkNLQylGbf6ihbnaN7\/view?usp=drive_link\" data-type=\"URL\" data-id=\"https:\/\/drive.google.com\/file\/d\/1uZcFAoEAe7IgBzJkNLQylGbf6ihbnaN7\/view?usp=drive_link\" target=\"_blank\" rel=\"noreferrer noopener\"><img decoding=\"async\" loading=\"lazy\" width=\"512\" height=\"512\" class=\"wp-image-2021\" style=\"width: 30px;\" src=\"https:\/\/des-lrj.infd.edu.ar\/sitio\/wp-content\/uploads\/2024\/11\/descargar.png\" alt=\"\" srcset=\"https:\/\/des-lrj.infd.edu.ar\/sitio\/wp-content\/uploads\/2024\/11\/descargar.png 512w, https:\/\/des-lrj.infd.edu.ar\/sitio\/wp-content\/uploads\/2024\/11\/descargar-500x500.png 500w\" sizes=\"(max-width: 512px) 100vw, 512px\" \/><\/a><\/td><\/tr><tr><td class=\"has-text-align-center\" data-align=\"center\">  Profesorado de Franc\u00e9s<\/td><td class=\"has-text-align-center\" data-align=\"center\"><a href=\"https:\/\/drive.google.com\/file\/d\/1v0bseN_G-Fus9mJnGX9BVQ1pnts-Y75E\/view?usp=sharing\" data-type=\"URL\" data-id=\"https:\/\/drive.google.com\/file\/d\/1v0bseN_G-Fus9mJnGX9BVQ1pnts-Y75E\/view?usp=sharing\" target=\"_blank\" rel=\"noreferrer noopener\"><img decoding=\"async\" loading=\"lazy\" width=\"512\" height=\"512\" class=\"wp-image-2021\" style=\"width: 30px;\" src=\"https:\/\/des-lrj.infd.edu.ar\/sitio\/wp-content\/uploads\/2024\/11\/descargar.png\" alt=\"\" srcset=\"https:\/\/des-lrj.infd.edu.ar\/sitio\/wp-content\/uploads\/2024\/11\/descargar.png 512w, https:\/\/des-lrj.infd.edu.ar\/sitio\/wp-content\/uploads\/2024\/11\/descargar-500x500.png 500w\" sizes=\"(max-width: 512px) 100vw, 512px\" \/><\/a><\/td><\/tr><tr><td class=\"has-text-align-center\" data-align=\"center\"> Profesorado de Danza<\/td><td class=\"has-text-align-center\" data-align=\"center\"><a href=\"https:\/\/drive.google.com\/file\/d\/16jMfOb7Di6DZCGD3ZwjCX4rMf3r0G3Yw\/view?usp=drive_link\" target=\"_blank\" rel=\"noreferrer noopener\"><img decoding=\"async\" loading=\"lazy\" width=\"512\" height=\"512\" class=\"wp-image-2021\" style=\"width: 30px;\" src=\"https:\/\/des-lrj.infd.edu.ar\/sitio\/wp-content\/uploads\/2024\/11\/descargar.png\" alt=\"\" srcset=\"https:\/\/des-lrj.infd.edu.ar\/sitio\/wp-content\/uploads\/2024\/11\/descargar.png 512w, https:\/\/des-lrj.infd.edu.ar\/sitio\/wp-content\/uploads\/2024\/11\/descargar-500x500.png 500w\" sizes=\"(max-width: 512px) 100vw, 512px\" \/><\/a><\/td><\/tr><tr><td class=\"has-text-align-center\" data-align=\"center\">Profesorado De Artes Visuales<\/td><td class=\"has-text-align-center\" data-align=\"center\"><a href=\"https:\/\/drive.google.com\/file\/d\/1wsuM1tKCXVCceqQeNvpKO1GTXzGFGKhX\/view?usp=drive_link\" target=\"_blank\" rel=\"noreferrer noopener\"><img decoding=\"async\" loading=\"lazy\" width=\"512\" height=\"512\" class=\"wp-image-2021\" style=\"width: 30px;\" src=\"https:\/\/des-lrj.infd.edu.ar\/sitio\/wp-content\/uploads\/2024\/11\/descargar.png\" alt=\"\" srcset=\"https:\/\/des-lrj.infd.edu.ar\/sitio\/wp-content\/uploads\/2024\/11\/descargar.png 512w, https:\/\/des-lrj.infd.edu.ar\/sitio\/wp-content\/uploads\/2024\/11\/descargar-500x500.png 500w\" sizes=\"(max-width: 512px) 100vw, 512px\" \/><\/a><\/td><\/tr><tr><td class=\"has-text-align-center\" data-align=\"center\">Profesorado de Educaci\u00f3n Secundaria en Biologia<\/td><td class=\"has-text-align-center\" data-align=\"center\"><a href=\"https:\/\/drive.google.com\/file\/d\/1GpdlBfXWz23-AzThTELpbAz3shiAbTHR\/view?usp=drive_link\" target=\"_blank\" rel=\"noreferrer noopener\"><img decoding=\"async\" loading=\"lazy\" width=\"512\" height=\"512\" class=\"wp-image-2021\" style=\"width: 30px;\" src=\"https:\/\/des-lrj.infd.edu.ar\/sitio\/wp-content\/uploads\/2024\/11\/descargar.png\" alt=\"\" srcset=\"https:\/\/des-lrj.infd.edu.ar\/sitio\/wp-content\/uploads\/2024\/11\/descargar.png 512w, https:\/\/des-lrj.infd.edu.ar\/sitio\/wp-content\/uploads\/2024\/11\/descargar-500x500.png 500w\" sizes=\"(max-width: 512px) 100vw, 512px\" \/><\/a><\/td><\/tr><tr><td class=\"has-text-align-center\" data-align=\"center\">Profesorado de Educaci\u00f3n Secundaria en Lengua y Literatura<\/td><td class=\"has-text-align-center\" data-align=\"center\"><a href=\"https:\/\/drive.google.com\/file\/d\/16FqgQoUwuO79UUifGEhg9u2M4FyynT6o\/view?usp=drive_link\" data-type=\"URL\" data-id=\"https:\/\/drive.google.com\/file\/d\/16FqgQoUwuO79UUifGEhg9u2M4FyynT6o\/view?usp=drive_link\" target=\"_blank\" rel=\"noreferrer noopener\"><img decoding=\"async\" loading=\"lazy\" width=\"512\" height=\"512\" class=\"wp-image-2021\" style=\"width: 30px;\" src=\"https:\/\/des-lrj.infd.edu.ar\/sitio\/wp-content\/uploads\/2024\/11\/descargar.png\" alt=\"\" srcset=\"https:\/\/des-lrj.infd.edu.ar\/sitio\/wp-content\/uploads\/2024\/11\/descargar.png 512w, https:\/\/des-lrj.infd.edu.ar\/sitio\/wp-content\/uploads\/2024\/11\/descargar-500x500.png 500w\" sizes=\"(max-width: 512px) 100vw, 512px\" \/><\/a><\/td><\/tr><tr><td class=\"has-text-align-center\" data-align=\"center\">Profesorado de Educaci\u00f3n Primaria<\/td><td class=\"has-text-align-center\" data-align=\"center\"><a href=\"https:\/\/drive.google.com\/file\/d\/15VbyI17G4SghgXPn69Lfx9hLwUshDlIg\/view?usp=drive_link\" data-type=\"URL\" data-id=\"https:\/\/drive.google.com\/file\/d\/15VbyI17G4SghgXPn69Lfx9hLwUshDlIg\/view?usp=drive_link\" target=\"_blank\" rel=\"noreferrer noopener\"><img decoding=\"async\" loading=\"lazy\" width=\"512\" height=\"512\" class=\"wp-image-2021\" style=\"width: 30px;\" src=\"https:\/\/des-lrj.infd.edu.ar\/sitio\/wp-content\/uploads\/2024\/11\/descargar.png\" alt=\"\" srcset=\"https:\/\/des-lrj.infd.edu.ar\/sitio\/wp-content\/uploads\/2024\/11\/descargar.png 512w, https:\/\/des-lrj.infd.edu.ar\/sitio\/wp-content\/uploads\/2024\/11\/descargar-500x500.png 500w\" sizes=\"(max-width: 512px) 100vw, 512px\" \/><\/a><\/td><\/tr><tr><td class=\"has-text-align-center\" data-align=\"center\">Profesorado de Educaci\u00f3n Secundaria en Psicolog\u00eda<\/td><td class=\"has-text-align-center\" data-align=\"center\"><a href=\"https:\/\/drive.google.com\/file\/d\/1NHJYfse5UhUqmhj853ek_6H4_iCbW3LE\/view?usp=drive_link\" data-type=\"URL\" data-id=\"https:\/\/drive.google.com\/file\/d\/1NHJYfse5UhUqmhj853ek_6H4_iCbW3LE\/view?usp=drive_link\" target=\"_blank\" rel=\"noreferrer noopener\"><img decoding=\"async\" loading=\"lazy\" width=\"512\" height=\"512\" class=\"wp-image-2021\" style=\"width: 30px;\" src=\"https:\/\/des-lrj.infd.edu.ar\/sitio\/wp-content\/uploads\/2024\/11\/descargar.png\" alt=\"\" srcset=\"https:\/\/des-lrj.infd.edu.ar\/sitio\/wp-content\/uploads\/2024\/11\/descargar.png 512w, https:\/\/des-lrj.infd.edu.ar\/sitio\/wp-content\/uploads\/2024\/11\/descargar-500x500.png 500w\" sizes=\"(max-width: 512px) 100vw, 512px\" \/><\/a><\/td><\/tr><tr><td class=\"has-text-align-center\" data-align=\"center\"> Profesorado de Teatro sin cohorte<\/td><td class=\"has-text-align-center\" data-align=\"center\"><a href=\"https:\/\/drive.google.com\/file\/d\/1pg96-U-OeFgnoEHmVSY-j8XSOVsmhurJ\/view?usp=drive_link\" target=\"_blank\" rel=\"noreferrer noopener\"><img decoding=\"async\" loading=\"lazy\" width=\"512\" height=\"512\" class=\"wp-image-2021\" style=\"width: 30px;\" src=\"https:\/\/des-lrj.infd.edu.ar\/sitio\/wp-content\/uploads\/2024\/11\/descargar.png\" alt=\"\" srcset=\"https:\/\/des-lrj.infd.edu.ar\/sitio\/wp-content\/uploads\/2024\/11\/descargar.png 512w, https:\/\/des-lrj.infd.edu.ar\/sitio\/wp-content\/uploads\/2024\/11\/descargar-500x500.png 500w\" sizes=\"(max-width: 512px) 100vw, 512px\" \/><\/a><\/td><\/tr><tr><td class=\"has-text-align-center\" data-align=\"center\"> Profesorado de Teatro con cohorte 2021<\/td><td class=\"has-text-align-center\" data-align=\"center\"><a href=\"https:\/\/drive.google.com\/file\/d\/1kO6DwefuoxgBHar1vu_LmpXzB9H7K3qy\/view?usp=drive_link\" target=\"_blank\" rel=\"noreferrer noopener\"><img decoding=\"async\" loading=\"lazy\" width=\"512\" height=\"512\" class=\"wp-image-2021\" style=\"width: 30px;\" src=\"https:\/\/des-lrj.infd.edu.ar\/sitio\/wp-content\/uploads\/2024\/11\/descargar.png\" alt=\"\" srcset=\"https:\/\/des-lrj.infd.edu.ar\/sitio\/wp-content\/uploads\/2024\/11\/descargar.png 512w, https:\/\/des-lrj.infd.edu.ar\/sitio\/wp-content\/uploads\/2024\/11\/descargar-500x500.png 500w\" sizes=\"(max-width: 512px) 100vw, 512px\" \/><\/a><\/td><\/tr><\/tbody><\/table><\/figure>\n","protected":false},"excerpt":{"rendered":"<p>DISE\u00d1OS CURRICULARES PROFESORADOS Carrera Descarga Profesorado de Educaci\u00f3n Secundaria en Geograf\u00eda Profesorado de Educaci\u00f3n Fisica Profesorado de Educaci\u00f3n Tecnol\u00f3gica Profesorado de Educaci\u00f3n Secundaria en F\u00edsica Profesorado de Educaci\u00f3n Secundaria en Historia Profesorado de Ingl\u00e9s Profesorado de Educaci\u00f3n Inicial Profesorado de Educaci\u00f3n Especial con orientaci\u00f3n en Sordos e Hipoacusicos Profesorado de Educaci\u00f3n Especial con orientaci\u00f3n en &#8230; <a title=\"Dise\u00f1os Curriculares Profesorados\" class=\"read-more\" href=\"https:\/\/des-lrj.infd.edu.ar\/sitio\/disenocurriculares\/disenos-profesorados\/\" aria-label=\"More on Dise\u00f1os Curriculares Profesorados\">[+]<\/a><\/p>\n","protected":false},"author":8657,"featured_media":0,"parent":1112,"menu_order":1,"comment_status":"closed","ping_status":"closed","template":"","meta":[],"acf":[],"_links":{"self":[{"href":"https:\/\/des-lrj.infd.edu.ar\/sitio\/wp-json\/wp\/v2\/pages\/1514"}],"collection":[{"href":"https:\/\/des-lrj.infd.edu.ar\/sitio\/wp-json\/wp\/v2\/pages"}],"about":[{"href":"https:\/\/des-lrj.infd.edu.ar\/sitio\/wp-json\/wp\/v2\/types\/page"}],"author":[{"embeddable":true,"href":"https:\/\/des-lrj.infd.edu.ar\/sitio\/wp-json\/wp\/v2\/users\/8657"}],"replies":[{"embeddable":true,"href":"https:\/\/des-lrj.infd.edu.ar\/sitio\/wp-json\/wp\/v2\/comments?post=1514"}],"version-history":[{"count":36,"href":"https:\/\/des-lrj.infd.edu.ar\/sitio\/wp-json\/wp\/v2\/pages\/1514\/revisions"}],"predecessor-version":[{"id":2598,"href":"https:\/\/des-lrj.infd.edu.ar\/sitio\/wp-json\/wp\/v2\/pages\/1514\/revisions\/2598"}],"up":[{"embeddable":true,"href":"https:\/\/des-lrj.infd.edu.ar\/sitio\/wp-json\/wp\/v2\/pages\/1112"}],"wp:attachment":[{"href":"https:\/\/des-lrj.infd.edu.ar\/sitio\/wp-json\/wp\/v2\/media?parent=1514"}],"curies":[{"name":"wp","href":"https:\/\/api.w.org\/{rel}","templated":true}]}}