{"id":1851,"date":"2024-03-04T11:01:12","date_gmt":"2024-03-04T14:01:12","guid":{"rendered":"https:\/\/des-lrj.infd.edu.ar\/sitio\/?page_id=1851"},"modified":"2026-02-18T10:08:30","modified_gmt":"2026-02-18T13:08:30","slug":"programacion-didactica","status":"publish","type":"page","link":"https:\/\/des-lrj.infd.edu.ar\/sitio\/disenocurriculares\/programacion-didactica\/","title":{"rendered":"Programacion Didactica"},"content":{"rendered":"<div class=\"wp-block-image is-style-rounded\">\n<figure class=\"aligncenter size-full is-resized\"><img decoding=\"async\" loading=\"lazy\" src=\"https:\/\/des-lrj.infd.edu.ar\/sitio\/wp-content\/uploads\/2024\/12\/Screenshot_3_cleanup.png\" alt=\"\" class=\"wp-image-2124\" width=\"1020\" height=\"94\"\/><\/figure><\/div>\n\n\n<p class=\"has-text-align-center has-pale-ocean-gradient-background has-background has-medium-font-size\"><strong>PROGRAMACI\u00d3N DID\u00c1CTICA<\/strong><\/p>\n\n\n\n<figure class=\"wp-block-table is-style-stripes\"><table class=\"has-very-light-gray-to-cyan-bluish-gray-gradient-background has-background\"><tbody><tr><td class=\"has-text-align-center\" data-align=\"center\"><strong>Descripci\u00f3n<\/strong><\/td><td class=\"has-text-align-center\" data-align=\"center\"><strong>Descarga<\/strong><\/td><\/tr><tr><td class=\"has-text-align-center\" data-align=\"center\">Formato Planificaci\u00f3n 26<\/td><td class=\"has-text-align-center\" data-align=\"center\"><a href=\"https:\/\/drive.google.com\/file\/d\/19dKinl1t2lBGOpByFqsW3sQjp3Et6AtL\/view?usp=drive_link\" data-type=\"URL\" data-id=\"https:\/\/drive.google.com\/file\/d\/19dKinl1t2lBGOpByFqsW3sQjp3Et6AtL\/view?usp=drive_link\" target=\"_blank\" rel=\"noreferrer noopener\"><img decoding=\"async\" loading=\"lazy\" width=\"512\" height=\"512\" class=\"wp-image-2021\" style=\"width: 30px;\" src=\"https:\/\/des-lrj.infd.edu.ar\/sitio\/wp-content\/uploads\/2024\/11\/descargar.png\" alt=\"\" srcset=\"https:\/\/des-lrj.infd.edu.ar\/sitio\/wp-content\/uploads\/2024\/11\/descargar.png 512w, https:\/\/des-lrj.infd.edu.ar\/sitio\/wp-content\/uploads\/2024\/11\/descargar-500x500.png 500w\" sizes=\"(max-width: 512px) 100vw, 512px\" \/><\/a><\/td><\/tr><tr><td class=\"has-text-align-center\" data-align=\"center\">Formato Planificaci\u00f3n PR\u00c1CTICA 26<\/td><td class=\"has-text-align-center\" data-align=\"center\"><a href=\"https:\/\/drive.google.com\/file\/d\/1uxWPsbiU8Pr0wWgptub_UJvScW2cDcQE\/view?usp=drive_link\" data-type=\"URL\" data-id=\"https:\/\/drive.google.com\/file\/d\/1uxWPsbiU8Pr0wWgptub_UJvScW2cDcQE\/view?usp=drive_link\" target=\"_blank\" rel=\"noreferrer noopener\"><img decoding=\"async\" loading=\"lazy\" width=\"512\" height=\"512\" class=\"wp-image-2021\" style=\"width: 30px;\" src=\"https:\/\/des-lrj.infd.edu.ar\/sitio\/wp-content\/uploads\/2024\/11\/descargar.png\" alt=\"\" srcset=\"https:\/\/des-lrj.infd.edu.ar\/sitio\/wp-content\/uploads\/2024\/11\/descargar.png 512w, https:\/\/des-lrj.infd.edu.ar\/sitio\/wp-content\/uploads\/2024\/11\/descargar-500x500.png 500w\" sizes=\"(max-width: 512px) 100vw, 512px\" \/><\/a><\/td><\/tr><tr><td class=\"has-text-align-center\" data-align=\"center\">Instructivo construcci\u00f3n lista de cotejo<\/td><td class=\"has-text-align-center\" data-align=\"center\"><a href=\"https:\/\/docs.google.com\/presentation\/d\/1GnXL_FGbVrYFVp_v1p1HjAnDGRg8FNIH\/edit?usp=drive_link&amp;ouid=117118871552322050494&amp;rtpof=true&amp;sd=true\" target=\"_blank\" rel=\"noreferrer noopener\"><img decoding=\"async\" loading=\"lazy\" width=\"512\" height=\"512\" class=\"wp-image-2021\" style=\"width: 30px;\" src=\"https:\/\/des-lrj.infd.edu.ar\/sitio\/wp-content\/uploads\/2024\/11\/descargar.png\" alt=\"\" srcset=\"https:\/\/des-lrj.infd.edu.ar\/sitio\/wp-content\/uploads\/2024\/11\/descargar.png 512w, https:\/\/des-lrj.infd.edu.ar\/sitio\/wp-content\/uploads\/2024\/11\/descargar-500x500.png 500w\" sizes=\"(max-width: 512px) 100vw, 512px\" \/><\/a><\/td><\/tr><tr><td class=\"has-text-align-center\" data-align=\"center\">Instructivo para Institutos Superiores de Formaci\u00f3n Docente<\/td><td class=\"has-text-align-center\" data-align=\"center\"><a href=\"https:\/\/drive.google.com\/file\/d\/1oUjs7pbbobMUq1qfZ1tA1T9W36rq8NGL\/view?usp=drive_link\" target=\"_blank\" rel=\"noreferrer noopener\"><img decoding=\"async\" loading=\"lazy\" width=\"512\" height=\"512\" class=\"wp-image-2021\" style=\"width: 30px;\" src=\"https:\/\/des-lrj.infd.edu.ar\/sitio\/wp-content\/uploads\/2024\/11\/descargar.png\" alt=\"\" srcset=\"https:\/\/des-lrj.infd.edu.ar\/sitio\/wp-content\/uploads\/2024\/11\/descargar.png 512w, https:\/\/des-lrj.infd.edu.ar\/sitio\/wp-content\/uploads\/2024\/11\/descargar-500x500.png 500w\" sizes=\"(max-width: 512px) 100vw, 512px\" \/><\/a><\/td><\/tr><tr><td class=\"has-text-align-center\" data-align=\"center\">Lista de cotejo Planificaciones<\/td><td class=\"has-text-align-center\" data-align=\"center\"><a href=\"https:\/\/docs.google.com\/spreadsheets\/d\/1U1QihQNwnaBKzarH_5B4pNdhCaXYZxva\/edit?usp=drive_link&amp;ouid=117118871552322050494&amp;rtpof=true&amp;sd=true\" target=\"_blank\" rel=\"noreferrer noopener\"><img decoding=\"async\" loading=\"lazy\" width=\"512\" height=\"512\" class=\"wp-image-2021\" style=\"width: 30px;\" src=\"https:\/\/des-lrj.infd.edu.ar\/sitio\/wp-content\/uploads\/2024\/11\/descargar.png\" alt=\"\" srcset=\"https:\/\/des-lrj.infd.edu.ar\/sitio\/wp-content\/uploads\/2024\/11\/descargar.png 512w, https:\/\/des-lrj.infd.edu.ar\/sitio\/wp-content\/uploads\/2024\/11\/descargar-500x500.png 500w\" sizes=\"(max-width: 512px) 100vw, 512px\" \/><\/a><\/td><\/tr><tr><td class=\"has-text-align-center\" data-align=\"center\">Plantilla Formato Planificaci\u00f3n 26<\/td><td class=\"has-text-align-center\" data-align=\"center\"><a href=\"https:\/\/drive.google.com\/file\/d\/1Z0mghRktp0w34mkJUp1mjDCBvORRymQi\/view?usp=drive_link\" data-type=\"URL\" data-id=\"https:\/\/drive.google.com\/file\/d\/1Z0mghRktp0w34mkJUp1mjDCBvORRymQi\/view?usp=drive_link\" target=\"_blank\" rel=\"noreferrer noopener\"><img decoding=\"async\" loading=\"lazy\" width=\"512\" height=\"512\" class=\"wp-image-2021\" style=\"width: 30px;\" src=\"https:\/\/des-lrj.infd.edu.ar\/sitio\/wp-content\/uploads\/2024\/11\/descargar.png\" alt=\"\" srcset=\"https:\/\/des-lrj.infd.edu.ar\/sitio\/wp-content\/uploads\/2024\/11\/descargar.png 512w, https:\/\/des-lrj.infd.edu.ar\/sitio\/wp-content\/uploads\/2024\/11\/descargar-500x500.png 500w\" sizes=\"(max-width: 512px) 100vw, 512px\" \/><\/a><\/td><\/tr><tr><td class=\"has-text-align-center\" data-align=\"center\">Plantilla Formato Planificaci\u00f3n PR\u00c1CTICA 26<\/td><td class=\"has-text-align-center\" data-align=\"center\"><a href=\"https:\/\/drive.google.com\/file\/d\/1i0rRPK7wDwZNLQpBwrUeV_6o8x6VyqlL\/view?usp=drive_link\" data-type=\"URL\" data-id=\"https:\/\/drive.google.com\/file\/d\/1i0rRPK7wDwZNLQpBwrUeV_6o8x6VyqlL\/view?usp=drive_link\" target=\"_blank\" rel=\"noreferrer noopener\"><img decoding=\"async\" loading=\"lazy\" width=\"512\" height=\"512\" class=\"wp-image-2021\" style=\"width: 30px;\" src=\"https:\/\/des-lrj.infd.edu.ar\/sitio\/wp-content\/uploads\/2024\/11\/descargar.png\" alt=\"\" srcset=\"https:\/\/des-lrj.infd.edu.ar\/sitio\/wp-content\/uploads\/2024\/11\/descargar.png 512w, https:\/\/des-lrj.infd.edu.ar\/sitio\/wp-content\/uploads\/2024\/11\/descargar-500x500.png 500w\" sizes=\"(max-width: 512px) 100vw, 512px\" \/><\/a><\/td><\/tr><tr><td class=\"has-text-align-center\" data-align=\"center\">Plantilla Formato PROGRAMA ANAL\u00cdTICO 26<\/td><td class=\"has-text-align-center\" data-align=\"center\"><a href=\"https:\/\/drive.google.com\/file\/d\/1cXlg1l-hSYUu8T2oNympM6UQzNOwU2GR\/view?usp=drive_link\" data-type=\"URL\" data-id=\"https:\/\/drive.google.com\/file\/d\/1cXlg1l-hSYUu8T2oNympM6UQzNOwU2GR\/view?usp=drive_link\" target=\"_blank\" rel=\"noreferrer noopener\"><img decoding=\"async\" loading=\"lazy\" width=\"512\" height=\"512\" class=\"wp-image-2021\" style=\"width: 30px;\" src=\"https:\/\/des-lrj.infd.edu.ar\/sitio\/wp-content\/uploads\/2024\/11\/descargar.png\" alt=\"\" srcset=\"https:\/\/des-lrj.infd.edu.ar\/sitio\/wp-content\/uploads\/2024\/11\/descargar.png 512w, https:\/\/des-lrj.infd.edu.ar\/sitio\/wp-content\/uploads\/2024\/11\/descargar-500x500.png 500w\" sizes=\"(max-width: 512px) 100vw, 512px\" \/><\/a><\/td><\/tr><tr><td class=\"has-text-align-center\" data-align=\"center\">Plantilla para Evaluar la Planificaci\u00f3n<\/td><td class=\"has-text-align-center\" data-align=\"center\"><a href=\"https:\/\/drive.google.com\/file\/d\/13aUDoa4q4yAHD7UdxtB3pmm4BYpiCzHB\/view?usp=drive_link\" data-type=\"URL\" data-id=\"https:\/\/drive.google.com\/file\/d\/13aUDoa4q4yAHD7UdxtB3pmm4BYpiCzHB\/view?usp=drive_link\" target=\"_blank\" rel=\"noreferrer noopener\"><img decoding=\"async\" loading=\"lazy\" width=\"512\" height=\"512\" class=\"wp-image-2021\" style=\"width: 30px;\" src=\"https:\/\/des-lrj.infd.edu.ar\/sitio\/wp-content\/uploads\/2024\/11\/descargar.png\" alt=\"\" srcset=\"https:\/\/des-lrj.infd.edu.ar\/sitio\/wp-content\/uploads\/2024\/11\/descargar.png 512w, https:\/\/des-lrj.infd.edu.ar\/sitio\/wp-content\/uploads\/2024\/11\/descargar-500x500.png 500w\" sizes=\"(max-width: 512px) 100vw, 512px\" \/><\/a><\/td><\/tr><\/tbody><\/table><figcaption class=\"wp-element-caption\"><a rel=\"noreferrer noopener\" href=\"https:\/\/drive.google.com\/file\/d\/1CS-fEwHNCwTmhAeM3Z_dN2_cYtI3twRG\/view?usp=drive_link\" target=\"_blank\"><\/a><\/figcaption><\/figure>\n","protected":false},"excerpt":{"rendered":"<p>PROGRAMACI\u00d3N DID\u00c1CTICA Descripci\u00f3n Descarga Formato Planificaci\u00f3n 26 Formato Planificaci\u00f3n PR\u00c1CTICA 26 Instructivo construcci\u00f3n lista de cotejo Instructivo para Institutos Superiores de Formaci\u00f3n Docente Lista de cotejo Planificaciones Plantilla Formato Planificaci\u00f3n 26 Plantilla Formato Planificaci\u00f3n PR\u00c1CTICA 26 Plantilla Formato PROGRAMA ANAL\u00cdTICO 26 Plantilla para Evaluar la Planificaci\u00f3n<\/p>\n","protected":false},"author":8657,"featured_media":0,"parent":1112,"menu_order":3,"comment_status":"closed","ping_status":"closed","template":"","meta":[],"acf":[],"_links":{"self":[{"href":"https:\/\/des-lrj.infd.edu.ar\/sitio\/wp-json\/wp\/v2\/pages\/1851"}],"collection":[{"href":"https:\/\/des-lrj.infd.edu.ar\/sitio\/wp-json\/wp\/v2\/pages"}],"about":[{"href":"https:\/\/des-lrj.infd.edu.ar\/sitio\/wp-json\/wp\/v2\/types\/page"}],"author":[{"embeddable":true,"href":"https:\/\/des-lrj.infd.edu.ar\/sitio\/wp-json\/wp\/v2\/users\/8657"}],"replies":[{"embeddable":true,"href":"https:\/\/des-lrj.infd.edu.ar\/sitio\/wp-json\/wp\/v2\/comments?post=1851"}],"version-history":[{"count":5,"href":"https:\/\/des-lrj.infd.edu.ar\/sitio\/wp-json\/wp\/v2\/pages\/1851\/revisions"}],"predecessor-version":[{"id":2593,"href":"https:\/\/des-lrj.infd.edu.ar\/sitio\/wp-json\/wp\/v2\/pages\/1851\/revisions\/2593"}],"up":[{"embeddable":true,"href":"https:\/\/des-lrj.infd.edu.ar\/sitio\/wp-json\/wp\/v2\/pages\/1112"}],"wp:attachment":[{"href":"https:\/\/des-lrj.infd.edu.ar\/sitio\/wp-json\/wp\/v2\/media?parent=1851"}],"curies":[{"name":"wp","href":"https:\/\/api.w.org\/{rel}","templated":true}]}}