{"id":2407,"date":"2025-02-13T10:40:27","date_gmt":"2025-02-13T13:40:27","guid":{"rendered":"https:\/\/des-lrj.infd.edu.ar\/sitio\/?page_id=2407"},"modified":"2026-03-09T10:53:07","modified_gmt":"2026-03-09T13:53:07","slug":"formacion-docente","status":"publish","type":"page","link":"https:\/\/des-lrj.infd.edu.ar\/sitio\/formacion-docente\/","title":{"rendered":"Formaci\u00f3n Docente"},"content":{"rendered":"<div class=\"wp-block-image is-style-rounded\">\n<figure class=\"aligncenter size-full is-resized\"><img decoding=\"async\" loading=\"lazy\" src=\"https:\/\/des-lrj.infd.edu.ar\/sitio\/wp-content\/uploads\/2024\/12\/Screenshot_3_cleanup.png\" alt=\"\" class=\"wp-image-2124\" width=\"1020\" height=\"94\"\/><\/figure><\/div>\n\n\n<p class=\"has-text-align-center has-base-3-color has-vivid-cyan-blue-to-vivid-purple-gradient-background has-text-color has-background has-medium-font-size\"><strong>Formaci\u00f3n Docente<\/strong><\/p>\n\n\n\n<figure class=\"wp-block-table is-style-stripes\"><table class=\"has-very-light-gray-to-cyan-bluish-gray-gradient-background has-background\"><tbody><tr><td class=\"has-text-align-center\" data-align=\"center\"><strong>Descripci\u00f3n<\/strong><\/td><td class=\"has-text-align-center\" data-align=\"center\"><strong>Descarga<\/strong><\/td><\/tr><tr><td class=\"has-text-align-center\" data-align=\"center\">Curso Introductorio 2024. Ingresantes Formacion Docente Juridiccional<\/td><td class=\"has-text-align-center\" data-align=\"center\"><a href=\"https:\/\/drive.google.com\/file\/d\/1oRzzlkVbTKhzriTkn16XBLrv6zVnRlJi\/view?usp=sharing\" target=\"_blank\" rel=\"noreferrer noopener\"><img decoding=\"async\" loading=\"lazy\" width=\"512\" height=\"512\" class=\"wp-image-2021\" style=\"width: 30px;\" src=\"https:\/\/des-lrj.infd.edu.ar\/sitio\/wp-content\/uploads\/2024\/11\/descargar.png\" alt=\"\" srcset=\"https:\/\/des-lrj.infd.edu.ar\/sitio\/wp-content\/uploads\/2024\/11\/descargar.png 512w, https:\/\/des-lrj.infd.edu.ar\/sitio\/wp-content\/uploads\/2024\/11\/descargar-500x500.png 500w\" sizes=\"(max-width: 512px) 100vw, 512px\" \/><\/a><\/td><\/tr><tr><td class=\"has-text-align-center\" data-align=\"center\">Curso Introductorio 2025. Ingresantes Formacion Docente<\/td><td class=\"has-text-align-center\" data-align=\"center\"><a href=\"https:\/\/drive.google.com\/file\/d\/1QdoH5MO-6zIzwVUdbeXjc3PJ4-b8uUK1\/view?usp=sharing\"><img decoding=\"async\" loading=\"lazy\" width=\"512\" height=\"512\" class=\"wp-image-2021\" style=\"width: 30px;\" src=\"https:\/\/des-lrj.infd.edu.ar\/sitio\/wp-content\/uploads\/2024\/11\/descargar.png\" alt=\"\" srcset=\"https:\/\/des-lrj.infd.edu.ar\/sitio\/wp-content\/uploads\/2024\/11\/descargar.png 512w, https:\/\/des-lrj.infd.edu.ar\/sitio\/wp-content\/uploads\/2024\/11\/descargar-500x500.png 500w\" sizes=\"(max-width: 512px) 100vw, 512px\" \/><\/a><\/td><\/tr><tr><td class=\"has-text-align-center\" data-align=\"center\">Orientaciones para la elaboraci\u00f3n de un plan de transici\u00f3n<\/td><td class=\"has-text-align-center\" data-align=\"center\"><a href=\"https:\/\/drive.google.com\/file\/d\/1kR0lqejKRaUXxWrUL1SmcggslhT0BMW5\/view?usp=sharing\" data-type=\"URL\" data-id=\"https:\/\/drive.google.com\/file\/d\/1kR0lqejKRaUXxWrUL1SmcggslhT0BMW5\/view?usp=sharing\" target=\"_blank\" rel=\"noreferrer noopener\"><img decoding=\"async\" loading=\"lazy\" width=\"512\" height=\"512\" class=\"wp-image-2021\" style=\"width: 30px;\" src=\"https:\/\/des-lrj.infd.edu.ar\/sitio\/wp-content\/uploads\/2024\/11\/descargar.png\" alt=\"\" srcset=\"https:\/\/des-lrj.infd.edu.ar\/sitio\/wp-content\/uploads\/2024\/11\/descargar.png 512w, https:\/\/des-lrj.infd.edu.ar\/sitio\/wp-content\/uploads\/2024\/11\/descargar-500x500.png 500w\" sizes=\"(max-width: 512px) 100vw, 512px\" \/><\/a><\/td><\/tr><tr><td class=\"has-text-align-center\" data-align=\"center\">La docencia y su formaci\u00f3n en capacidades profesionales<\/td><td class=\"has-text-align-center\" data-align=\"center\"><a href=\"https:\/\/drive.google.com\/file\/d\/1ytKSBA25Rjr21SZx7RUtTn8DSvRqyu4D\/view?usp=sharing\" data-type=\"URL\" data-id=\"https:\/\/drive.google.com\/file\/d\/1ytKSBA25Rjr21SZx7RUtTn8DSvRqyu4D\/view?usp=sharing\" target=\"_blank\" rel=\"noreferrer noopener\"><img decoding=\"async\" loading=\"lazy\" width=\"512\" height=\"512\" class=\"wp-image-2021\" style=\"width: 30px;\" src=\"https:\/\/des-lrj.infd.edu.ar\/sitio\/wp-content\/uploads\/2024\/11\/descargar.png\" alt=\"\" srcset=\"https:\/\/des-lrj.infd.edu.ar\/sitio\/wp-content\/uploads\/2024\/11\/descargar.png 512w, https:\/\/des-lrj.infd.edu.ar\/sitio\/wp-content\/uploads\/2024\/11\/descargar-500x500.png 500w\" sizes=\"(max-width: 512px) 100vw, 512px\" \/><\/a><\/td><\/tr><tr><td class=\"has-text-align-center\" data-align=\"center\">Marco para la elaboraci\u00f3n de los N\u00facleos de Aprendizaje Prioritarios de la Formaci\u00f3n Docente Inicial<\/td><td class=\"has-text-align-center\" data-align=\"center\"><a href=\"https:\/\/drive.google.com\/file\/d\/17TlbAlCSwGkueQrPtf1XAzom4z9Rg5Jf\/view?usp=sharing\" data-type=\"URL\" data-id=\"https:\/\/drive.google.com\/file\/d\/17TlbAlCSwGkueQrPtf1XAzom4z9Rg5Jf\/view?usp=sharing\" target=\"_blank\" rel=\"noreferrer noopener\"><img decoding=\"async\" loading=\"lazy\" width=\"512\" height=\"512\" class=\"wp-image-2021\" style=\"width: 30px;\" src=\"https:\/\/des-lrj.infd.edu.ar\/sitio\/wp-content\/uploads\/2024\/11\/descargar.png\" alt=\"\" srcset=\"https:\/\/des-lrj.infd.edu.ar\/sitio\/wp-content\/uploads\/2024\/11\/descargar.png 512w, https:\/\/des-lrj.infd.edu.ar\/sitio\/wp-content\/uploads\/2024\/11\/descargar-500x500.png 500w\" sizes=\"(max-width: 512px) 100vw, 512px\" \/><\/a><\/td><\/tr><tr><td class=\"has-text-align-center\" data-align=\"center\">Formaci\u00f3n docente inicial y educaci\u00f3n h\u00edbrida<\/td><td class=\"has-text-align-center\" data-align=\"center\"><a href=\"https:\/\/drive.google.com\/file\/d\/1AM_-OZhs9v_eK23GK32VymowTSFBWzVZ\/view?usp=sharing\" data-type=\"URL\" data-id=\"https:\/\/drive.google.com\/file\/d\/1AM_-OZhs9v_eK23GK32VymowTSFBWzVZ\/view?usp=sharing\" target=\"_blank\" rel=\"noreferrer noopener\"><img decoding=\"async\" loading=\"lazy\" width=\"512\" height=\"512\" class=\"wp-image-2021\" style=\"width: 30px;\" src=\"https:\/\/des-lrj.infd.edu.ar\/sitio\/wp-content\/uploads\/2024\/11\/descargar.png\" alt=\"\" srcset=\"https:\/\/des-lrj.infd.edu.ar\/sitio\/wp-content\/uploads\/2024\/11\/descargar.png 512w, https:\/\/des-lrj.infd.edu.ar\/sitio\/wp-content\/uploads\/2024\/11\/descargar-500x500.png 500w\" sizes=\"(max-width: 512px) 100vw, 512px\" \/><\/a><\/td><\/tr><\/tbody><\/table><figcaption class=\"wp-element-caption\"><a rel=\"noreferrer noopener\" href=\"https:\/\/drive.google.com\/file\/d\/1CS-fEwHNCwTmhAeM3Z_dN2_cYtI3twRG\/view?usp=drive_link\" target=\"_blank\"><\/a><\/figcaption><\/figure>\n","protected":false},"excerpt":{"rendered":"<p>Formaci\u00f3n Docente Descripci\u00f3n Descarga Curso Introductorio 2024. Ingresantes Formacion Docente Juridiccional Curso Introductorio 2025. Ingresantes Formacion Docente Orientaciones para la elaboraci\u00f3n de un plan de transici\u00f3n La docencia y su formaci\u00f3n en capacidades profesionales Marco para la elaboraci\u00f3n de los N\u00facleos de Aprendizaje Prioritarios de la Formaci\u00f3n Docente Inicial Formaci\u00f3n docente inicial y educaci\u00f3n h\u00edbrida<\/p>\n","protected":false},"author":8657,"featured_media":0,"parent":0,"menu_order":11,"comment_status":"closed","ping_status":"closed","template":"","meta":[],"acf":[],"_links":{"self":[{"href":"https:\/\/des-lrj.infd.edu.ar\/sitio\/wp-json\/wp\/v2\/pages\/2407"}],"collection":[{"href":"https:\/\/des-lrj.infd.edu.ar\/sitio\/wp-json\/wp\/v2\/pages"}],"about":[{"href":"https:\/\/des-lrj.infd.edu.ar\/sitio\/wp-json\/wp\/v2\/types\/page"}],"author":[{"embeddable":true,"href":"https:\/\/des-lrj.infd.edu.ar\/sitio\/wp-json\/wp\/v2\/users\/8657"}],"replies":[{"embeddable":true,"href":"https:\/\/des-lrj.infd.edu.ar\/sitio\/wp-json\/wp\/v2\/comments?post=2407"}],"version-history":[{"count":10,"href":"https:\/\/des-lrj.infd.edu.ar\/sitio\/wp-json\/wp\/v2\/pages\/2407\/revisions"}],"predecessor-version":[{"id":2608,"href":"https:\/\/des-lrj.infd.edu.ar\/sitio\/wp-json\/wp\/v2\/pages\/2407\/revisions\/2608"}],"wp:attachment":[{"href":"https:\/\/des-lrj.infd.edu.ar\/sitio\/wp-json\/wp\/v2\/media?parent=2407"}],"curies":[{"name":"wp","href":"https:\/\/api.w.org\/{rel}","templated":true}]}}