{"id":784,"date":"2018-08-30T15:41:16","date_gmt":"2018-08-30T18:41:16","guid":{"rendered":"https:\/\/des-lrj.infd.edu.ar\/sitio\/investigacion\/"},"modified":"2024-12-03T10:16:05","modified_gmt":"2024-12-03T13:16:05","slug":"investigacion","status":"publish","type":"page","link":"https:\/\/des-lrj.infd.edu.ar\/sitio\/investigacion\/","title":{"rendered":"Investigaci\u00f3n"},"content":{"rendered":"\n<figure class=\"wp-block-image size-full is-resized is-style-rounded\"><img decoding=\"async\" loading=\"lazy\" src=\"https:\/\/des-lrj.infd.edu.ar\/sitio\/wp-content\/uploads\/2024\/12\/Screenshot_3_cleanup.png\" alt=\"\" class=\"wp-image-2124\" width=\"1019\" height=\"95\"\/><\/figure>\n\n\n\n<p class=\"has-text-align-center has-background has-medium-font-size\" style=\"background:radial-gradient(rgb(238,238,238) 0%,rgb(169,184,195) 100%)\"><strong>INVESTIGACI\u00d3N<\/strong><\/p>\n\n\n\n<figure class=\"wp-block-table is-style-stripes\"><table class=\"has-background\" style=\"background:radial-gradient(rgb(238,238,238) 0%,rgb(169,184,195) 100%)\"><tbody><tr><td class=\"has-text-align-center\" data-align=\"center\"><strong>Descripci\u00f3n<\/strong><\/td><td class=\"has-text-align-center\" data-align=\"center\"><strong>Descarga<\/strong><\/td><\/tr><tr><td class=\"has-text-align-center\" data-align=\"center\">CARTA AVAL LA RIOJA<\/td><td class=\"has-text-align-center\" data-align=\"center\"><a href=\"https:\/\/drive.google.com\/file\/d\/1i3Y78gC4KW8VGXd9RXdoB2wRoE1vmZo0\/view?usp=drive_link\" target=\"_blank\" rel=\"noreferrer noopener\"><img decoding=\"async\" loading=\"lazy\" width=\"512\" height=\"512\" class=\"wp-image-2021\" style=\"width: 30px;\" src=\"https:\/\/des-lrj.infd.edu.ar\/sitio\/wp-content\/uploads\/2024\/11\/descargar.png\" alt=\"\" srcset=\"https:\/\/des-lrj.infd.edu.ar\/sitio\/wp-content\/uploads\/2024\/11\/descargar.png 512w, https:\/\/des-lrj.infd.edu.ar\/sitio\/wp-content\/uploads\/2024\/11\/descargar-500x500.png 500w\" sizes=\"(max-width: 512px) 100vw, 512px\" \/><\/a><\/td><\/tr><tr><td class=\"has-text-align-center\" data-align=\"center\">INFORME DE CIERRE S\u00cdNTESIS DE ACTIVIDADES \u00c1REA DE INVESTIGACI\u00d3N<\/td><td class=\"has-text-align-center\" data-align=\"center\"><a href=\"https:\/\/docs.google.com\/document\/d\/1RluGdPBqDZV0nIa1L753lim8Y1TtGZ38\/edit?usp=drive_link&amp;ouid=117118871552322050494&amp;rtpof=true&amp;sd=true\" target=\"_blank\" rel=\"noreferrer noopener\"><img decoding=\"async\" loading=\"lazy\" width=\"512\" height=\"512\" class=\"wp-image-2021\" style=\"width: 30px;\" src=\"https:\/\/des-lrj.infd.edu.ar\/sitio\/wp-content\/uploads\/2024\/11\/descargar.png\" alt=\"\" srcset=\"https:\/\/des-lrj.infd.edu.ar\/sitio\/wp-content\/uploads\/2024\/11\/descargar.png 512w, https:\/\/des-lrj.infd.edu.ar\/sitio\/wp-content\/uploads\/2024\/11\/descargar-500x500.png 500w\" sizes=\"(max-width: 512px) 100vw, 512px\" \/><\/a><\/td><\/tr><tr><td class=\"has-text-align-center\" data-align=\"center\">LA RIOJA &#8211; Resultados Convocatoria 2023<\/td><td class=\"has-text-align-center\" data-align=\"center\"><a href=\"https:\/\/drive.google.com\/file\/d\/1wT9oVSTKqic67RUg2VVj93BHzMXuX2Oq\/view?usp=drive_link\" target=\"_blank\" rel=\"noreferrer noopener\"><img decoding=\"async\" loading=\"lazy\" width=\"512\" height=\"512\" class=\"wp-image-2021\" style=\"width: 30px;\" src=\"https:\/\/des-lrj.infd.edu.ar\/sitio\/wp-content\/uploads\/2024\/11\/descargar.png\" alt=\"\" srcset=\"https:\/\/des-lrj.infd.edu.ar\/sitio\/wp-content\/uploads\/2024\/11\/descargar.png 512w, https:\/\/des-lrj.infd.edu.ar\/sitio\/wp-content\/uploads\/2024\/11\/descargar-500x500.png 500w\" sizes=\"(max-width: 512px) 100vw, 512px\" \/><\/a><\/td><\/tr><tr><td class=\"has-text-align-center\" data-align=\"center\">LA RIOJA +0360 + PROYECTO &#8211; Maria Vanessa Avalos Alamo<\/td><td class=\"has-text-align-center\" data-align=\"center\"><a href=\"https:\/\/drive.google.com\/file\/d\/1OsHrp6ZwXtpyA3IXxlGt38Em1e_39Fek\/view?usp=drive_link\" target=\"_blank\" rel=\"noreferrer noopener\"><img decoding=\"async\" loading=\"lazy\" width=\"512\" height=\"512\" class=\"wp-image-2021\" style=\"width: 30px;\" src=\"https:\/\/des-lrj.infd.edu.ar\/sitio\/wp-content\/uploads\/2024\/11\/descargar.png\" alt=\"\" srcset=\"https:\/\/des-lrj.infd.edu.ar\/sitio\/wp-content\/uploads\/2024\/11\/descargar.png 512w, https:\/\/des-lrj.infd.edu.ar\/sitio\/wp-content\/uploads\/2024\/11\/descargar-500x500.png 500w\" sizes=\"(max-width: 512px) 100vw, 512px\" \/><\/a><\/td><\/tr><tr><td class=\"has-text-align-center\" data-align=\"center\">LA RIOJA 0114 PROYECTO<\/td><td class=\"has-text-align-center\" data-align=\"center\"><a href=\"https:\/\/drive.google.com\/file\/d\/1DRRJVPWKqN8qQ3gOse87A7vObqFghpwe\/view?usp=drive_link\" target=\"_blank\" rel=\"noreferrer noopener\"><img decoding=\"async\" loading=\"lazy\" width=\"512\" height=\"512\" class=\"wp-image-2021\" style=\"width: 30px;\" src=\"https:\/\/des-lrj.infd.edu.ar\/sitio\/wp-content\/uploads\/2024\/11\/descargar.png\" alt=\"\" srcset=\"https:\/\/des-lrj.infd.edu.ar\/sitio\/wp-content\/uploads\/2024\/11\/descargar.png 512w, https:\/\/des-lrj.infd.edu.ar\/sitio\/wp-content\/uploads\/2024\/11\/descargar-500x500.png 500w\" sizes=\"(max-width: 512px) 100vw, 512px\" \/><\/a><\/td><\/tr><tr><td class=\"has-text-align-center\" data-align=\"center\">LA RIOJA 0171 PROYECTO &#8211; marisa isabel vallejo<\/td><td class=\"has-text-align-center\" data-align=\"center\"><a href=\"https:\/\/drive.google.com\/file\/d\/17e4k9otlrv0SH154P7msnhpZGLva04bD\/view?usp=drive_link\" target=\"_blank\" rel=\"noreferrer noopener\"><img decoding=\"async\" loading=\"lazy\" width=\"512\" height=\"512\" class=\"wp-image-2021\" style=\"width: 30px;\" src=\"https:\/\/des-lrj.infd.edu.ar\/sitio\/wp-content\/uploads\/2024\/11\/descargar.png\" alt=\"\" srcset=\"https:\/\/des-lrj.infd.edu.ar\/sitio\/wp-content\/uploads\/2024\/11\/descargar.png 512w, https:\/\/des-lrj.infd.edu.ar\/sitio\/wp-content\/uploads\/2024\/11\/descargar-500x500.png 500w\" sizes=\"(max-width: 512px) 100vw, 512px\" \/><\/a><\/td><\/tr><tr><td class=\"has-text-align-center\" data-align=\"center\">LA RIOJA 0376 PROYECTO Ed Fisica<\/td><td class=\"has-text-align-center\" data-align=\"center\"><a href=\"https:\/\/drive.google.com\/file\/d\/1X3KT-uYh5uVn7Ns1Mom1fh2jPMQyYLki\/view?usp=drive_link\" target=\"_blank\" rel=\"noreferrer noopener\"><img decoding=\"async\" loading=\"lazy\" width=\"512\" height=\"512\" class=\"wp-image-2021\" style=\"width: 30px;\" src=\"https:\/\/des-lrj.infd.edu.ar\/sitio\/wp-content\/uploads\/2024\/11\/descargar.png\" alt=\"\" srcset=\"https:\/\/des-lrj.infd.edu.ar\/sitio\/wp-content\/uploads\/2024\/11\/descargar.png 512w, https:\/\/des-lrj.infd.edu.ar\/sitio\/wp-content\/uploads\/2024\/11\/descargar-500x500.png 500w\" sizes=\"(max-width: 512px) 100vw, 512px\" \/><\/a><\/td><\/tr><tr><td class=\"has-text-align-center\" data-align=\"center\">LA RIOJA-0091-PROYECTO<\/td><td class=\"has-text-align-center\" data-align=\"center\"><a href=\"https:\/\/drive.google.com\/file\/d\/1_GdEHD7J3b1uGiEWCv17_IMLbuJqpXh0\/view?usp=drive_link\" target=\"_blank\" rel=\"noreferrer noopener\"><img decoding=\"async\" loading=\"lazy\" width=\"512\" height=\"512\" class=\"wp-image-2021\" style=\"width: 30px;\" src=\"https:\/\/des-lrj.infd.edu.ar\/sitio\/wp-content\/uploads\/2024\/11\/descargar.png\" alt=\"\" srcset=\"https:\/\/des-lrj.infd.edu.ar\/sitio\/wp-content\/uploads\/2024\/11\/descargar.png 512w, https:\/\/des-lrj.infd.edu.ar\/sitio\/wp-content\/uploads\/2024\/11\/descargar-500x500.png 500w\" sizes=\"(max-width: 512px) 100vw, 512px\" \/><\/a><\/td><\/tr><tr><td class=\"has-text-align-center\" data-align=\"center\">LA RIOJA-0207-PROYECTO &#8211; Mel Sotomayor<\/td><td class=\"has-text-align-center\" data-align=\"center\"><a href=\"https:\/\/drive.google.com\/file\/d\/1UaRCy5BCBHmrgb1jHYI3wOW0w-VvV5BT\/view?usp=drive_link\" target=\"_blank\" rel=\"noreferrer noopener\"><img decoding=\"async\" loading=\"lazy\" width=\"512\" height=\"512\" class=\"wp-image-2021\" style=\"width: 30px;\" src=\"https:\/\/des-lrj.infd.edu.ar\/sitio\/wp-content\/uploads\/2024\/11\/descargar.png\" alt=\"\" srcset=\"https:\/\/des-lrj.infd.edu.ar\/sitio\/wp-content\/uploads\/2024\/11\/descargar.png 512w, https:\/\/des-lrj.infd.edu.ar\/sitio\/wp-content\/uploads\/2024\/11\/descargar-500x500.png 500w\" sizes=\"(max-width: 512px) 100vw, 512px\" \/><\/a><\/td><\/tr><tr><td class=\"has-text-align-center\" data-align=\"center\">LA RIOJA+012+PROYECTO<\/td><td class=\"has-text-align-center\" data-align=\"center\"><a href=\"https:\/\/drive.google.com\/file\/d\/128N4yUvWTvltrJxkZ3dxLyX8L_TR3P1_\/view?usp=drive_link\" target=\"_blank\" rel=\"noreferrer noopener\"><img decoding=\"async\" loading=\"lazy\" width=\"512\" height=\"512\" class=\"wp-image-2021\" style=\"width: 30px;\" src=\"https:\/\/des-lrj.infd.edu.ar\/sitio\/wp-content\/uploads\/2024\/11\/descargar.png\" alt=\"\" srcset=\"https:\/\/des-lrj.infd.edu.ar\/sitio\/wp-content\/uploads\/2024\/11\/descargar.png 512w, https:\/\/des-lrj.infd.edu.ar\/sitio\/wp-content\/uploads\/2024\/11\/descargar-500x500.png 500w\" sizes=\"(max-width: 512px) 100vw, 512px\" \/><\/a><\/td><\/tr><tr><td class=\"has-text-align-center\" data-align=\"center\">LARIOJA0323PROYECTO &#8211; elipa fernandez<\/td><td class=\"has-text-align-center\" data-align=\"center\"><a href=\"https:\/\/drive.google.com\/file\/d\/1t7rg_Bgli-sM5L_cGND2wLWq3uq1_y4r\/view?usp=drive_link\" target=\"_blank\" rel=\"noreferrer noopener\"><img decoding=\"async\" loading=\"lazy\" width=\"512\" height=\"512\" class=\"wp-image-2021\" style=\"width: 30px;\" src=\"https:\/\/des-lrj.infd.edu.ar\/sitio\/wp-content\/uploads\/2024\/11\/descargar.png\" alt=\"\" srcset=\"https:\/\/des-lrj.infd.edu.ar\/sitio\/wp-content\/uploads\/2024\/11\/descargar.png 512w, https:\/\/des-lrj.infd.edu.ar\/sitio\/wp-content\/uploads\/2024\/11\/descargar-500x500.png 500w\" sizes=\"(max-width: 512px) 100vw, 512px\" \/><\/a><\/td><\/tr><\/tbody><\/table><\/figure>\n","protected":false},"excerpt":{"rendered":"<p>INVESTIGACI\u00d3N Descripci\u00f3n Descarga CARTA AVAL LA RIOJA INFORME DE CIERRE S\u00cdNTESIS DE ACTIVIDADES \u00c1REA DE INVESTIGACI\u00d3N LA RIOJA &#8211; Resultados Convocatoria 2023 LA RIOJA +0360 + PROYECTO &#8211; Maria Vanessa Avalos Alamo LA RIOJA 0114 PROYECTO LA RIOJA 0171 PROYECTO &#8211; marisa isabel vallejo LA RIOJA 0376 PROYECTO Ed Fisica LA RIOJA-0091-PROYECTO LA RIOJA-0207-PROYECTO &#8211; &#8230; <a title=\"Investigaci\u00f3n\" class=\"read-more\" href=\"https:\/\/des-lrj.infd.edu.ar\/sitio\/investigacion\/\" aria-label=\"More on Investigaci\u00f3n\">[+]<\/a><\/p>\n","protected":false},"author":8657,"featured_media":0,"parent":0,"menu_order":7,"comment_status":"closed","ping_status":"closed","template":"","meta":[],"acf":[],"_links":{"self":[{"href":"https:\/\/des-lrj.infd.edu.ar\/sitio\/wp-json\/wp\/v2\/pages\/784"}],"collection":[{"href":"https:\/\/des-lrj.infd.edu.ar\/sitio\/wp-json\/wp\/v2\/pages"}],"about":[{"href":"https:\/\/des-lrj.infd.edu.ar\/sitio\/wp-json\/wp\/v2\/types\/page"}],"author":[{"embeddable":true,"href":"https:\/\/des-lrj.infd.edu.ar\/sitio\/wp-json\/wp\/v2\/users\/8657"}],"replies":[{"embeddable":true,"href":"https:\/\/des-lrj.infd.edu.ar\/sitio\/wp-json\/wp\/v2\/comments?post=784"}],"version-history":[{"count":3,"href":"https:\/\/des-lrj.infd.edu.ar\/sitio\/wp-json\/wp\/v2\/pages\/784\/revisions"}],"predecessor-version":[{"id":2270,"href":"https:\/\/des-lrj.infd.edu.ar\/sitio\/wp-json\/wp\/v2\/pages\/784\/revisions\/2270"}],"wp:attachment":[{"href":"https:\/\/des-lrj.infd.edu.ar\/sitio\/wp-json\/wp\/v2\/media?parent=784"}],"curies":[{"name":"wp","href":"https:\/\/api.w.org\/{rel}","templated":true}]}}