{"id":813,"date":"2018-08-30T15:41:22","date_gmt":"2018-08-30T18:41:22","guid":{"rendered":"https:\/\/des-lrj.infd.edu.ar\/sitio\/datos-institucionales\/"},"modified":"2024-12-03T10:41:25","modified_gmt":"2024-12-03T13:41:25","slug":"datos-institucionales","status":"publish","type":"page","link":"https:\/\/des-lrj.infd.edu.ar\/sitio\/datos-institucionales\/","title":{"rendered":"Contacto"},"content":{"rendered":"\n<figure class=\"wp-block-image size-full is-resized is-style-rounded\"><img decoding=\"async\" loading=\"lazy\" src=\"https:\/\/des-lrj.infd.edu.ar\/sitio\/wp-content\/uploads\/2024\/12\/Screenshot_3_cleanup.png\" alt=\"\" class=\"wp-image-2124\" width=\"1020\" height=\"94\"\/><\/figure>\n\n\n\n<hr class=\"wp-block-separator has-text-color has-contrast-color has-alpha-channel-opacity has-contrast-background-color has-background is-style-default\"\/>\n\n\n\n<p class=\"has-text-align-center has-large-font-size\"><strong>C   O   N   T   A   C   T   O<\/strong><\/p>\n\n\n\n<figure class=\"wp-block-table aligncenter is-style-stripes has-medium-font-size\"><table class=\"has-accent-color has-text-color has-background\" style=\"background:linear-gradient(135deg,rgb(255,255,255) 0%,rgb(152,150,240) 100%)\"><tbody><tr><td class=\"has-text-align-center\" data-align=\"center\"><img decoding=\"async\" loading=\"lazy\" width=\"640\" height=\"640\" class=\"wp-image-1925\" style=\"width: 80px;\" src=\"https:\/\/des-lrj.infd.edu.ar\/sitio\/wp-content\/uploads\/2024\/11\/alfiler.gif\" alt=\"\"><\/td><td class=\"has-text-align-center\" data-align=\"center\"><strong><a href=\"https:\/\/maps.app.goo.gl\/2xijmXY4AehxAGV98\">Barrio Centro. Calle Santa F\u00e9 232<br>La Rioja &#8211; Capital<\/a><\/strong><\/td><\/tr><tr><td class=\"has-text-align-center\" data-align=\"center\"><img decoding=\"async\" loading=\"lazy\" width=\"640\" height=\"640\" class=\"wp-image-1928\" style=\"width: 80px;\" src=\"https:\/\/des-lrj.infd.edu.ar\/sitio\/wp-content\/uploads\/2024\/11\/archivo-de-correo-electronico.gif\" alt=\"\"><\/td><td class=\"has-text-align-center\" data-align=\"center\"><strong><a href=\"mailto:dges.lr@educacionlarioja.com\" target=\"_blank\" rel=\"noreferrer noopener\">dges.lr@educacionlarioja.com<\/a><\/strong><\/td><\/tr><tr><td class=\"has-text-align-center\" data-align=\"center\"><img decoding=\"async\" loading=\"lazy\" width=\"640\" height=\"640\" class=\"wp-image-2189\" style=\"width: 80px;\" src=\"https:\/\/des-lrj.infd.edu.ar\/sitio\/wp-content\/uploads\/2024\/12\/medios-de-comunicacion-social.gif\" alt=\"\"><\/td><td class=\"has-text-align-center\" data-align=\"center\"><strong><a rel=\"noreferrer noopener\" href=\"https:\/\/www.facebook.com\/edu.superiorlr\" target=\"_blank\">Facebook: Direcci\u00f3n General de Educaci\u00f3n Superior<\/a><\/strong><\/td><\/tr><tr><td class=\"has-text-align-center\" data-align=\"center\"><img decoding=\"async\" loading=\"lazy\" width=\"640\" height=\"640\" class=\"wp-image-1930\" style=\"width: 80px;\" src=\"https:\/\/des-lrj.infd.edu.ar\/sitio\/wp-content\/uploads\/2024\/11\/reloj.gif\" alt=\"\"><\/td><td class=\"has-text-align-center\" data-align=\"center\"><strong>Lunes a Viernes<br>TM: 8:00 &#8211; 13:00<br>TT: 16:00 &#8211; 21:00<\/strong><\/td><\/tr><\/tbody><\/table><\/figure>\n\n\n\n<iframe src=\"https:\/\/www.google.com\/maps\/embed?pb=!1m18!1m12!1m3!1d868.8514370386422!2d-66.85046362900582!3d-29.41693538716866!2m3!1f0!2f0!3f0!3m2!1i1024!2i768!4f13.1!3m3!1m2!1s0x9427dbb8ef8f8125%3A0x5233c104520d7e88!2sDirecci%C3%B3n%20General%20de%20Educaci%C3%B3n%20Superior!5e0!3m2!1ses-419!2sar!4v1732806153898!5m2!1ses-419!2sar\" width=\"900\" height=\"600\" style=\"border:0;\" allowfullscreen=\"\" loading=\"lazy\" referrerpolicy=\"no-referrer-when-downgrade\"><\/iframe>\n","protected":false},"excerpt":{"rendered":"<p>C O N T A C T O Barrio Centro. Calle Santa F\u00e9 232La Rioja &#8211; Capital dges.lr@educacionlarioja.com Facebook: Direcci\u00f3n General de Educaci\u00f3n Superior Lunes a ViernesTM: 8:00 &#8211; 13:00TT: 16:00 &#8211; 21:00<\/p>\n","protected":false},"author":8657,"featured_media":0,"parent":0,"menu_order":3,"comment_status":"closed","ping_status":"closed","template":"","meta":[],"acf":[],"_links":{"self":[{"href":"https:\/\/des-lrj.infd.edu.ar\/sitio\/wp-json\/wp\/v2\/pages\/813"}],"collection":[{"href":"https:\/\/des-lrj.infd.edu.ar\/sitio\/wp-json\/wp\/v2\/pages"}],"about":[{"href":"https:\/\/des-lrj.infd.edu.ar\/sitio\/wp-json\/wp\/v2\/types\/page"}],"author":[{"embeddable":true,"href":"https:\/\/des-lrj.infd.edu.ar\/sitio\/wp-json\/wp\/v2\/users\/8657"}],"replies":[{"embeddable":true,"href":"https:\/\/des-lrj.infd.edu.ar\/sitio\/wp-json\/wp\/v2\/comments?post=813"}],"version-history":[{"count":45,"href":"https:\/\/des-lrj.infd.edu.ar\/sitio\/wp-json\/wp\/v2\/pages\/813\/revisions"}],"predecessor-version":[{"id":2279,"href":"https:\/\/des-lrj.infd.edu.ar\/sitio\/wp-json\/wp\/v2\/pages\/813\/revisions\/2279"}],"wp:attachment":[{"href":"https:\/\/des-lrj.infd.edu.ar\/sitio\/wp-json\/wp\/v2\/media?parent=813"}],"curies":[{"name":"wp","href":"https:\/\/api.w.org\/{rel}","templated":true}]}}