{"id":821,"date":"2018-08-30T15:41:25","date_gmt":"2018-08-30T18:41:25","guid":{"rendered":"https:\/\/des-lrj.infd.edu.ar\/sitio\/autoridades\/"},"modified":"2026-04-22T10:27:00","modified_gmt":"2026-04-22T13:27:00","slug":"areas","status":"publish","type":"page","link":"https:\/\/des-lrj.infd.edu.ar\/sitio\/areas\/","title":{"rendered":"\u00c1reas Institucionales"},"content":{"rendered":"\n<figure class=\"wp-block-image size-full is-resized is-style-rounded\"><img decoding=\"async\" loading=\"lazy\" src=\"https:\/\/des-lrj.infd.edu.ar\/sitio\/wp-content\/uploads\/2024\/12\/Screenshot_3_cleanup.png\" alt=\"\" class=\"wp-image-2124\" width=\"1019\" height=\"95\"\/><\/figure>\n\n\n\n<figure class=\"wp-block-table is-style-stripes\"><table class=\"has-background\" style=\"background-color:#fcf0ef\"><tbody><tr><td class=\"has-text-align-center\" data-align=\"center\"><br><strong><mark style=\"background-color:rgba(0, 0, 0, 0)\" class=\"has-inline-color has-black-color\">DIRECTORA GENERAL DE EDUCACI\u00d3N SUPERIOR<\/mark><\/strong><br><\/td><\/tr><tr><td class=\"has-text-align-center\" data-align=\"center\"><mark style=\"background-color:rgba(0, 0, 0, 0)\" class=\"has-inline-color has-black-color\">Lic. Alejandra Acevedo<\/mark><\/td><\/tr><\/tbody><\/table><\/figure>\n\n\n\n<p class=\"has-text-align-center has-white-color has-vivid-green-cyan-background-color has-text-color has-background\"><strong>COORDINADORES<\/strong><\/p>\n\n\n\n<figure class=\"wp-block-table is-style-regular\"><table class=\"has-background\" style=\"background-color:#e7f5fe\"><tbody><tr><td class=\"has-text-align-center\" data-align=\"center\"><strong>\u00c1rea<\/strong><\/td><td class=\"has-text-align-center\" data-align=\"center\"><strong>Coordinador<\/strong><\/td><td class=\"has-text-align-center\" data-align=\"center\"><strong>Contacto<\/strong><\/td><\/tr><tr><td class=\"has-text-align-center\" data-align=\"center\"><strong>DESARROLLO <br>CURRICULAR<\/strong><\/td><td class=\"has-text-align-center\" data-align=\"center\">Iv\u00e1n Bussone<\/td><td class=\"has-text-align-center\" data-align=\"center\">curriculumdgeslr@gmail.com<\/td><\/tr><tr><td class=\"has-text-align-center\" data-align=\"center\"><strong>INVESTIGACI\u00d3N<\/strong><\/td><td class=\"has-text-align-center\" data-align=\"center\">Adriana Romero<\/td><td class=\"has-text-align-center\" data-align=\"center\">investigaciondgeslr22@gmail.com<\/td><\/tr><tr><td class=\"has-text-align-center\" data-align=\"center\"><strong>POL\u00cdTICAS ESTUDIANTILES<\/strong><br><\/td><td class=\"has-text-align-center\" data-align=\"center\">Chioatto, Mar\u00eda Isabel<br>Alicia Olivar<\/td><td class=\"has-text-align-center\" data-align=\"center\">politicasestudiantilesdges22@gmail.com<\/td><\/tr><tr><td class=\"has-text-align-center\" data-align=\"center\"><strong>CAPACITACION<\/strong><\/td><td class=\"has-text-align-center\" data-align=\"center\">Alicia Castillo<\/td><td class=\"has-text-align-center\" data-align=\"center\">capacitaciondgnslr22@gmail.com<\/td><\/tr><tr><td class=\"has-text-align-center\" data-align=\"center\"><strong>NORMATIVA<\/strong><\/td><td class=\"has-text-align-center\" data-align=\"center\">Claudia Heredia<\/td><td class=\"has-text-align-center\" data-align=\"center\">areanormativadges@gmail.com<\/td><\/tr><tr><td class=\"has-text-align-center\" data-align=\"center\"><strong>FORTALECIMIENTO INSTITUCIONAL<\/strong><\/td><td class=\"has-text-align-center\" data-align=\"center\">Marta Robles <br>Claudia Gordillo<\/td><td class=\"has-text-align-center\" data-align=\"center\">fortalecimientodgeslr22@gmail.com<\/td><\/tr><tr><td class=\"has-text-align-center\" data-align=\"center\"><strong><strong> PROGRESAR<\/strong><\/strong><\/td><td class=\"has-text-align-center\" data-align=\"center\">Chioatto, Maria Isabel <\/td><td class=\"has-text-align-center\" data-align=\"center\">progresardgeslr@gmail.com<\/td><\/tr><tr><td class=\"has-text-align-center\" data-align=\"center\"><strong>ADMINISTRATIVA<\/strong><\/td><td class=\"has-text-align-center\" data-align=\"center\">Rosa Almada<\/td><td class=\"has-text-align-center\" data-align=\"center\">dges.lr@educacionlarioja.com<\/td><\/tr><tr><td class=\"has-text-align-center\" data-align=\"center\"><strong>COMUNICACI\u00d3N, PRENSA Y DIFUSI\u00d3N<\/strong><\/td><td class=\"has-text-align-center\" data-align=\"center\"> Mat\u00edas Pereyra<\/td><td class=\"has-text-align-center\" data-align=\"center\">prensadges22@gmail.com<\/td><\/tr><tr><td class=\"has-text-align-center\" data-align=\"center\"><strong>T\u00c9CNICA<\/strong><\/td><td class=\"has-text-align-center\" data-align=\"center\">Cecilia Peiretti- Ariana Vargas<\/td><td class=\"has-text-align-center\" data-align=\"center\">formaci\u00f3ntecnicaprofesional.lr.dges@gmail.com<\/td><\/tr><\/tbody><\/table><\/figure>\n\n\n\n<p><\/p>\n\n\n\n<p class=\"has-text-align-center has-white-color has-vivid-green-cyan-background-color has-text-color has-background\"><strong>REFERENTES DE ZONAS<\/strong><\/p>\n\n\n\n<figure class=\"wp-block-table\"><table class=\"has-background\" style=\"background-color:#e7f5fe\"><tbody><tr><td class=\"has-text-align-center\" data-align=\"center\"><strong>Zona I &#8211; Villa Uni\u00f3n<\/strong>: Alicia Olivar<\/td><\/tr><tr><td class=\"has-text-align-center\" data-align=\"center\"><strong>Zona II &#8211; Chilecito<\/strong>: Alicia Castillo<\/td><\/tr><tr><td class=\"has-text-align-center\" data-align=\"center\"><strong>Zona III &#8211; Aimogasta<\/strong>: Marta Robles <\/td><\/tr><tr><td class=\"has-text-align-center\" data-align=\"center\"><strong>Zona IV &#8211; Capital<\/strong>:   Paola Illanes-Claudia Morales<\/td><\/tr><tr><td class=\"has-text-align-center\" data-align=\"center\"><strong>Zona V &#8211; Chamical<\/strong>: Viviana Galv\u00e1n<\/td><\/tr><tr><td class=\"has-text-align-center\" data-align=\"center\"><strong>Zona VI &#8211; Chepes<\/strong>: Alejandra Montoya<\/td><\/tr><tr><td class=\"has-text-align-center\" data-align=\"center\"><strong>Zona VII &#8211; Milagro<\/strong>: Chioatto, Mar\u00eda Isabel<\/td><\/tr><\/tbody><\/table><\/figure>\n\n\n\n<p class=\"has-text-align-center has-white-color has-vivid-green-cyan-background-color has-text-color has-background\"><strong>REFERENTES DE CARRERAS<\/strong><\/p>\n\n\n\n<figure class=\"wp-block-table\"><table class=\"has-background\" style=\"background-color:#e7f5fe\"><tbody><tr><td class=\"has-text-align-center\" data-align=\"center\"><strong>Geograf\u00eda<\/strong><\/td><td class=\"has-text-align-center\" data-align=\"center\">Claudia Morales<\/td><\/tr><tr><td class=\"has-text-align-center\" data-align=\"center\"><strong>Historia<\/strong><\/td><td class=\"has-text-align-center\" data-align=\"center\">Marta Robles<\/td><\/tr><tr><td class=\"has-text-align-center\" data-align=\"center\"><strong>Tecnolog\u00eda<\/strong><\/td><td class=\"has-text-align-center\" data-align=\"center\">Viviana Galv\u00e1n<\/td><\/tr><tr><td class=\"has-text-align-center\" data-align=\"center\"><strong>Ingl\u00e9s<\/strong><\/td><td class=\"has-text-align-center\" data-align=\"center\">Cecilia Peiretti<br>Paola Illanes<\/td><\/tr><tr><td class=\"has-text-align-center\" data-align=\"center\"><strong>Franc\u00e9s<\/strong><\/td><td class=\"has-text-align-center\" data-align=\"center\"><\/td><\/tr><tr><td class=\"has-text-align-center\" data-align=\"center\"><strong>Matem\u00e1tica<\/strong><\/td><td class=\"has-text-align-center\" data-align=\"center\">Luna Cristian<br>Alejandra Montoya<\/td><\/tr><tr><td class=\"has-text-align-center\" data-align=\"center\"><strong>Lengua<\/strong><\/td><td class=\"has-text-align-center\" data-align=\"center\">Victoria Ferrara<br>Sebasti\u00e1n Allegretti<\/td><\/tr><tr><td class=\"has-text-align-center\" data-align=\"center\"><strong>Tecnicaturas<\/strong><\/td><td class=\"has-text-align-center\" data-align=\"center\">Paola Cabrera<br>Alejandra Montoya<br>Paola Illanes<br>Cristian Luna<br>Matias Pereyra<\/td><\/tr><tr><td class=\"has-text-align-center\" data-align=\"center\"><strong>Educaci\u00f3n Especial<\/strong><\/td><td class=\"has-text-align-center\" data-align=\"center\">Maria Celia Flores<\/td><\/tr><\/tbody><\/table><\/figure>\n","protected":false},"excerpt":{"rendered":"<p>DIRECTORA GENERAL DE EDUCACI\u00d3N SUPERIOR Lic. Alejandra Acevedo COORDINADORES \u00c1rea Coordinador Contacto DESARROLLO CURRICULAR Iv\u00e1n Bussone curriculumdgeslr@gmail.com INVESTIGACI\u00d3N Adriana Romero investigaciondgeslr22@gmail.com POL\u00cdTICAS ESTUDIANTILES Chioatto, Mar\u00eda IsabelAlicia Olivar politicasestudiantilesdges22@gmail.com CAPACITACION Alicia Castillo capacitaciondgnslr22@gmail.com NORMATIVA Claudia Heredia areanormativadges@gmail.com FORTALECIMIENTO INSTITUCIONAL Marta Robles Claudia Gordillo fortalecimientodgeslr22@gmail.com PROGRESAR Chioatto, Maria Isabel progresardgeslr@gmail.com ADMINISTRATIVA Rosa Almada dges.lr@educacionlarioja.com COMUNICACI\u00d3N, PRENSA Y &#8230; <a title=\"\u00c1reas Institucionales\" class=\"read-more\" href=\"https:\/\/des-lrj.infd.edu.ar\/sitio\/areas\/\" aria-label=\"More on \u00c1reas Institucionales\">[+]<\/a><\/p>\n","protected":false},"author":8657,"featured_media":0,"parent":0,"menu_order":2,"comment_status":"closed","ping_status":"closed","template":"","meta":[],"acf":[],"_links":{"self":[{"href":"https:\/\/des-lrj.infd.edu.ar\/sitio\/wp-json\/wp\/v2\/pages\/821"}],"collection":[{"href":"https:\/\/des-lrj.infd.edu.ar\/sitio\/wp-json\/wp\/v2\/pages"}],"about":[{"href":"https:\/\/des-lrj.infd.edu.ar\/sitio\/wp-json\/wp\/v2\/types\/page"}],"author":[{"embeddable":true,"href":"https:\/\/des-lrj.infd.edu.ar\/sitio\/wp-json\/wp\/v2\/users\/8657"}],"replies":[{"embeddable":true,"href":"https:\/\/des-lrj.infd.edu.ar\/sitio\/wp-json\/wp\/v2\/comments?post=821"}],"version-history":[{"count":71,"href":"https:\/\/des-lrj.infd.edu.ar\/sitio\/wp-json\/wp\/v2\/pages\/821\/revisions"}],"predecessor-version":[{"id":2622,"href":"https:\/\/des-lrj.infd.edu.ar\/sitio\/wp-json\/wp\/v2\/pages\/821\/revisions\/2622"}],"wp:attachment":[{"href":"https:\/\/des-lrj.infd.edu.ar\/sitio\/wp-json\/wp\/v2\/media?parent=821"}],"curies":[{"name":"wp","href":"https:\/\/api.w.org\/{rel}","templated":true}]}}